{"id":22533,"date":"2024-02-12T11:16:41","date_gmt":"2024-02-12T08:16:41","guid":{"rendered":"https:\/\/sagnak.com.tr\/yonetim-ekibimiz\/"},"modified":"2026-03-19T21:12:04","modified_gmt":"2026-03-19T18:12:04","slug":"management-team","status":"publish","type":"page","link":"https:\/\/sagnak.com.tr\/en\/management-team\/","title":{"rendered":"Our Management Team"},"content":{"rendered":"\t\t<div data-elementor-type=\"wp-page\" data-elementor-id=\"22533\" class=\"elementor elementor-22533 elementor-3774\" data-elementor-post-type=\"page\">\n\t\t\t\t<div class=\"elementor-element elementor-element-61e5c6f e-flex e-con-boxed tm-col-stretched-none tm-bg-color-over-image e-con e-parent\" data-id=\"61e5c6f\" data-element_type=\"container\" data-e-type=\"container\">\n\t\t\t\t\t<div class=\"e-con-inner\">\n\t\t<div class=\"elementor-element elementor-element-04c9de7 e-con-full tm-col-stretched-none e-flex tm-bg-color-over-image e-con e-child\" data-id=\"04c9de7\" data-element_type=\"container\" data-e-type=\"container\">\n\t\t\t\t<div class=\"elementor-element elementor-element-f151990 elementor-widget elementor-widget-tm-ele-team-block\" data-id=\"f151990\" data-element_type=\"widget\" data-e-type=\"widget\" data-widget_type=\"tm-ele-team-block.skin-style1\">\n\t\t\t\t<div class=\"elementor-widget-container\">\n\t\t\t\t\t\t<div class=\"tm-sc-team tm-team-grid\">\r\n\t\t<!-- Isotope Gallery Grid -->\r\n\t\t<div id=\"team-block-holder-297926\" class=\"isotope-layout grid-3 gutter-15 clearfix\">\r\n\t\t\t<div class=\"isotope-layout-inner\">\r\n\t\t\t\t<!-- the loop -->\r\n\t\t\t\t\t\t\t\t\t\t\t\t\t\t\t\t<div class=\"isotope-item team-item elementor-repeater-item-abd2f8a \" data-wow-delay=\"\">\r\n\t\t\t\t\t<!-- Team Block Style1-->\r\n\r\n<div class=\"team-current-theme1 team-item\">\r\n  <div class=\"inner-box\">\r\n\r\n    <div class=\"image-box\">\r\n      <div class=\"image\">\r\n        \r\n\t\t\r\n\t\t<img fetchpriority=\"high\" decoding=\"async\" src=\"https:\/\/sagnak.com.tr\/wp-content\/uploads\/2025\/04\/AGF-new-3.jpg\" width=\"495\" height=\"400\" alt=\"\">      <\/div>\r\n    <\/div>\r\n    <div class=\"info-box\">\r\n      \r\n\t\t<h4 class=\"team-title\">\r\n\t\t\t\t\tMemet Kaya Sa\u011fl\u0131k\t\t\t<\/h4>\r\n\t      \t\t<div class=\"team-subtitle\">\r\n\t\t\t\t\tChairman of the Board of Directors\t\t\t<\/div>\r\n\t      \r\n      <span class=\"share-icon fa fa-share-alt\"><\/span>\r\n    <\/div>\r\n  <\/div>\r\n<\/div>\t\t\t\t<\/div>\r\n\t\t\t\t\t\t\t\t\t\t\t\t\t\t\t\t<div class=\"isotope-item team-item elementor-repeater-item-c2ba2ea \" data-wow-delay=\"\">\r\n\t\t\t\t\t<!-- Team Block Style1-->\r\n\r\n<div class=\"team-current-theme1 team-item\">\r\n  <div class=\"inner-box\">\r\n\r\n    <div class=\"image-box\">\r\n      <div class=\"image\">\r\n        \r\n\t\t\r\n\t\t<img fetchpriority=\"high\" decoding=\"async\" src=\"https:\/\/sagnak.com.tr\/wp-content\/uploads\/2025\/04\/AGF-new-3.jpg\" width=\"495\" height=\"400\" alt=\"\">      <\/div>\r\n    <\/div>\r\n    <div class=\"info-box\">\r\n      \r\n\t\t<h4 class=\"team-title\">\r\n\t\t\t\t\tSedat Sa\u011fl\u0131k\t\t\t<\/h4>\r\n\t      \t\t<div class=\"team-subtitle\">\r\n\t\t\t\t\tGeneral Manager\t\t\t<\/div>\r\n\t      \r\n      <span class=\"share-icon fa fa-share-alt\"><\/span>\r\n    <\/div>\r\n  <\/div>\r\n<\/div>\t\t\t\t<\/div>\r\n\t\t\t\t\t\t\t\t\t\t\t\t\t\t\t\t<div class=\"isotope-item team-item elementor-repeater-item-36b8602 \" data-wow-delay=\"\">\r\n\t\t\t\t\t<!-- Team Block Style1-->\r\n\r\n<div class=\"team-current-theme1 team-item\">\r\n  <div class=\"inner-box\">\r\n\r\n    <div class=\"image-box\">\r\n      <div class=\"image\">\r\n        \r\n\t\t\r\n\t\t<img fetchpriority=\"high\" decoding=\"async\" src=\"https:\/\/sagnak.com.tr\/wp-content\/uploads\/2025\/04\/AGF-new-3.jpg\" width=\"495\" height=\"400\" alt=\"\">      <\/div>\r\n    <\/div>\r\n    <div class=\"info-box\">\r\n      \r\n\t\t<h4 class=\"team-title\">\r\n\t\t\t\t\tSalim Sa\u011fl\u0131k\t\t\t<\/h4>\r\n\t      \t\t<div class=\"team-subtitle\">\r\n\t\t\t\t\tMember of the Board of Directors\t\t\t<\/div>\r\n\t      \r\n      <span class=\"share-icon fa fa-share-alt\"><\/span>\r\n    <\/div>\r\n  <\/div>\r\n<\/div>\t\t\t\t<\/div>\r\n\t\t\t\t\t\t\t\t<!-- end of the loop -->\r\n\t\t\t<\/div>\r\n\t\t<\/div>\r\n\t\t\t<\/div>\r\n\r\n\t\t\t\t<\/div>\n\t\t\t\t<\/div>\n\t\t\t\t<\/div>\n\t\t\t\t\t<\/div>\n\t\t\t\t<\/div>\n\t\t\t\t<\/div>\n\t\t","protected":false},"excerpt":{"rendered":"<p>Memet Kaya Sa\u011fl\u0131k Chairman of the Board of Directors Sedat Sa\u011fl\u0131k General Manager Salim Sa\u011fl\u0131k Member of the Board of&#8230;<\/p>\n","protected":false},"author":2,"featured_media":0,"parent":0,"menu_order":0,"comment_status":"closed","ping_status":"closed","template":"","meta":{"footnotes":""},"class_list":["post-22533","page","type-page","status-publish","hentry"],"_links":{"self":[{"href":"https:\/\/sagnak.com.tr\/en\/wp-json\/wp\/v2\/pages\/22533","targetHints":{"allow":["GET"]}}],"collection":[{"href":"https:\/\/sagnak.com.tr\/en\/wp-json\/wp\/v2\/pages"}],"about":[{"href":"https:\/\/sagnak.com.tr\/en\/wp-json\/wp\/v2\/types\/page"}],"author":[{"embeddable":true,"href":"https:\/\/sagnak.com.tr\/en\/wp-json\/wp\/v2\/users\/2"}],"replies":[{"embeddable":true,"href":"https:\/\/sagnak.com.tr\/en\/wp-json\/wp\/v2\/comments?post=22533"}],"version-history":[{"count":1,"href":"https:\/\/sagnak.com.tr\/en\/wp-json\/wp\/v2\/pages\/22533\/revisions"}],"predecessor-version":[{"id":23408,"href":"https:\/\/sagnak.com.tr\/en\/wp-json\/wp\/v2\/pages\/22533\/revisions\/23408"}],"wp:attachment":[{"href":"https:\/\/sagnak.com.tr\/en\/wp-json\/wp\/v2\/media?parent=22533"}],"curies":[{"name":"wp","href":"https:\/\/api.w.org\/{rel}","templated":true}]}}