{"id":22578,"date":"2024-02-12T09:22:47","date_gmt":"2024-02-12T06:22:47","guid":{"rendered":"https:\/\/sagnak.com.tr\/hakkimizda\/"},"modified":"2025-06-16T11:44:39","modified_gmt":"2025-06-16T08:44:39","slug":"about-us","status":"publish","type":"page","link":"https:\/\/sagnak.com.tr\/en\/about-us\/","title":{"rendered":"About Us"},"content":{"rendered":"\t\t<div data-elementor-type=\"wp-page\" data-elementor-id=\"22578\" class=\"elementor elementor-22578 elementor-3615\" data-elementor-post-type=\"page\">\n\t\t\t\t<div class=\"elementor-element elementor-element-c75543f e-flex e-con-boxed tm-col-stretched-none tm-bg-color-over-image e-con e-parent\" data-id=\"c75543f\" data-element_type=\"container\" data-e-type=\"container\">\n\t\t\t\t\t<div class=\"e-con-inner\">\n\t\t<div class=\"elementor-element elementor-element-8057564 e-con-full e-flex tm-col-stretched-none tm-bg-color-over-image e-con e-child\" data-id=\"8057564\" data-element_type=\"container\" data-e-type=\"container\">\n\t\t<div class=\"elementor-element elementor-element-b42ff5e e-con-full e-flex tm-col-stretched-none tm-bg-color-over-image e-con e-child\" data-id=\"b42ff5e\" data-element_type=\"container\" data-e-type=\"container\">\n\t\t\t\t<div class=\"elementor-element elementor-element-aca8528 elementor-widget elementor-widget-image\" data-id=\"aca8528\" data-element_type=\"widget\" data-e-type=\"widget\" data-widget_type=\"image.default\">\n\t\t\t\t<div class=\"elementor-widget-container\">\n\t\t\t\t\t\t\t\t\t\t\t\t\t\t\t<img fetchpriority=\"high\" decoding=\"async\" width=\"768\" height=\"469\" src=\"https:\/\/sagnak.com.tr\/wp-content\/uploads\/2025\/05\/001-2-768x469.webp\" class=\"attachment-medium_large size-medium_large wp-image-22365\" alt=\"\" srcset=\"https:\/\/sagnak.com.tr\/wp-content\/uploads\/2025\/05\/001-2-768x469.webp 768w, https:\/\/sagnak.com.tr\/wp-content\/uploads\/2025\/05\/001-2-300x183.webp 300w, https:\/\/sagnak.com.tr\/wp-content\/uploads\/2025\/05\/001-2-1024x625.webp 1024w, https:\/\/sagnak.com.tr\/wp-content\/uploads\/2025\/05\/001-2-1536x938.webp 1536w, https:\/\/sagnak.com.tr\/wp-content\/uploads\/2025\/05\/001-2.webp 1920w\" sizes=\"(max-width: 768px) 100vw, 768px\">\t\t\t\t\t\t\t\t\t\t\t\t\t\t\t<\/div>\n\t\t\t\t<\/div>\n\t\t\t\t<\/div>\n\t\t<div class=\"elementor-element elementor-element-23e4b1c e-con-full e-flex tm-col-stretched-none tm-bg-color-over-image e-con e-child\" data-id=\"23e4b1c\" data-element_type=\"container\" data-e-type=\"container\">\n\t\t\t\t<div class=\"elementor-element elementor-element-5aeef99 horizontal-line-align-left vertical-line-align-bottom elementor-widget elementor-widget-tm-ele-section-title\" data-id=\"5aeef99\" data-element_type=\"widget\" data-e-type=\"widget\" data-widget_type=\"tm-ele-section-title.default\">\n\t\t\t\t<div class=\"elementor-widget-container\">\n\t\t\t\t\t<div class=\"tm-sc-section-title section-title line-left-current-theme \">\r\n\t<div class=\"title-wrapper\">\r\n\t\t\t\t\t\t\t<h5 class=\"title \"  >\r\n\r\n\t\t\r\n\t\t\t\t<span class=\"title-part1 \">Who we are?<\/span>\r\n\t\t\t\t\r\n\t\t\t\t\t\t\t\r\n\t<\/h5>\r\n\t<div class=\"title-seperator-line\"><\/div>\t\t\t\t\t\t<\/div>\r\n<\/div>\t\t\t\t<\/div>\n\t\t\t\t<\/div>\n\t\t\t\t<div class=\"elementor-element elementor-element-c76571b elementor-widget elementor-widget-tm-ele-text-editor\" data-id=\"c76571b\" data-element_type=\"widget\" data-e-type=\"widget\" data-widget_type=\"tm-ele-text-editor.default\">\n\t\t\t\t<div class=\"elementor-widget-container\">\n\t\t\t\t\t\t\t<div class=\"tm-text-editor\">\r\n\t\t<p><span style=\"color: #333333;\">Foundations of Sa\u011fnak Lojistik were laid in 1965 by Memet Kaya Sa\u011fl\u0131k. Since then, our company has pursued a path of continuous growth and innovation within our sector.<\/span><\/p>\t\t<\/div>\r\n\t\t\t\t\t<\/div>\n\t\t\t\t<\/div>\n\t\t\t\t<div class=\"elementor-element elementor-element-669f969 elementor-widget elementor-widget-html\" data-id=\"669f969\" data-element_type=\"widget\" data-e-type=\"widget\" data-widget_type=\"html.default\">\n\t\t\t\t<div class=\"elementor-widget-container\">\n\t\t\t\t\t<p class=\"renkkodu\">\n<b> <span style=\"color:red\">1960s:<\/span><\/b> Entered the industry with petroleum transportation.\n<br><b> <span style=\"color:red\">1970s:<\/span><\/b> Expanded our passenger transportation services.<br>\n<b> <span style=\"color:red\">1978:<\/span><\/b> Started refrigerated transport operations. <br><b> <span style=\"color:red\">1988:<\/span><\/b> With the investments in infrastructure and technology, we started cold chain transportation to European countries using our own vehicles.<br><b> <span style=\"color:red\">2005:<\/span><\/b> Launched general warehousing services.<br><b> <span style=\"color:red\">2013:<\/span><\/b> Began offering bonded warehouse services. services.<br><b> <span style=\"color:red\">2020:<\/span><\/b> Introduced genset and non-genset container transport solutions.<br><b> <span style=\"color:red\">2024:<\/span><\/b> Made strategic investments in maritime transportation.\nWith more than half a century of experience and a commitment to continuous improvement, we remain dedicated to delivering reliable and innovative logistics solutions to our clients.<\/p>\t\t\t\t<\/div>\n\t\t\t\t<\/div>\n\t\t\t\t<div class=\"elementor-element elementor-element-3365661 elementor-widget elementor-widget-tm-ele-text-editor\" data-id=\"3365661\" data-element_type=\"widget\" data-e-type=\"widget\" data-widget_type=\"tm-ele-text-editor.default\">\n\t\t\t\t<div class=\"elementor-widget-container\">\n\t\t\t\t\t\t\t<div class=\"tm-text-editor\">\r\n\t\t<p><span style=\"color: #333333;\">With over a half century of experience and a constantly evolving structure, we continue to provide our costumers with reliable and innovative logistics solutions.<\/span><\/p>\t\t<\/div>\r\n\t\t\t\t\t<\/div>\n\t\t\t\t<\/div>\n\t\t\t\t<\/div>\n\t\t\t\t<\/div>\n\t\t\t\t\t<\/div>\n\t\t\t\t<\/div>\n\t\t<div class=\"elementor-element elementor-element-e3fbed7 e-con-full e-flex tm-col-stretched-none tm-bg-color-over-image e-con e-parent\" data-id=\"e3fbed7\" data-element_type=\"container\" data-e-type=\"container\" data-settings=\"{&quot;background_background&quot;:&quot;classic&quot;}\">\n\t\t<div class=\"elementor-element elementor-element-b2ff509 e-flex e-con-boxed tm-col-stretched-none tm-bg-color-over-image e-con e-child\" data-id=\"b2ff509\" data-element_type=\"container\" data-e-type=\"container\">\n\t\t\t\t\t<div class=\"e-con-inner\">\n\t\t<div class=\"elementor-element elementor-element-b62a21c e-con-full e-flex tm-col-stretched-none tm-bg-color-over-image e-con e-child\" data-id=\"b62a21c\" data-element_type=\"container\" data-e-type=\"container\">\n\t\t\t\t<div class=\"elementor-element elementor-element-328e5e6 elementor-widget__width-initial horizontal-line-align-left vertical-line-align-bottom elementor-widget elementor-widget-tm-ele-section-title\" data-id=\"328e5e6\" data-element_type=\"widget\" data-e-type=\"widget\" data-widget_type=\"tm-ele-section-title.default\">\n\t\t\t\t<div class=\"elementor-widget-container\">\n\t\t\t\t\t<div class=\"tm-sc-section-title section-title line-left-current-theme \">\r\n\t<div class=\"title-wrapper\">\r\n\t\t\t\t\r\n\r\n<div class=\"sub-title-outer\">\r\n\t<\/div>\t\t\t<h5 class=\"title tm-split-text split-in-right\"  >\r\n\r\n\t\t\r\n\t\t\t\t<span class=\"title-part1 \">Our Mission<\/span>\r\n\t\t\t\t\r\n\t\t\t\t\t\t\t\r\n\t<\/h5>\r\n\t<div class=\"title-seperator-line\"><\/div>\t\t\t\t\t\t<\/div>\r\n<\/div>\t\t\t\t<\/div>\n\t\t\t\t<\/div>\n\t\t\t\t<\/div>\n\t\t<div class=\"elementor-element elementor-element-eb3910d e-con-full tm-col-stretched-none e-flex tm-bg-color-over-image e-con e-child\" data-id=\"eb3910d\" data-element_type=\"container\" data-e-type=\"container\">\n\t\t\t\t<div class=\"elementor-element elementor-element-8bd2d4a elementor-widget elementor-widget-tm-ele-text-editor\" data-id=\"8bd2d4a\" data-element_type=\"widget\" data-e-type=\"widget\" data-widget_type=\"tm-ele-text-editor.default\">\n\t\t\t\t<div class=\"elementor-widget-container\">\n\t\t\t\t\t\t\t<div class=\"tm-text-editor\">\r\n\t\t<p><span style=\"color: #333333;\">Our foremost priority is to accompany our clients at every step of their logistics journey and to deliver to them a flawless logistics experience. Through transparent, real-time tracking systems, we ensure trust and control throughout every phase of the process. We operate with a strong spirit of collaboration to understand our clients\u2019 unique needs and to develop tailored solutions specifically for them.<\/span><\/p>\t\t<\/div>\r\n\t\t\t\t\t<\/div>\n\t\t\t\t<\/div>\n\t\t\t\t<\/div>\n\t\t\t\t\t<\/div>\n\t\t\t\t<\/div>\n\t\t\t\t<\/div>\n\t\t<div class=\"elementor-element elementor-element-7f9bb9f e-flex e-con-boxed tm-col-stretched-none tm-bg-color-over-image e-con e-parent\" data-id=\"7f9bb9f\" data-element_type=\"container\" data-e-type=\"container\">\n\t\t\t\t\t<div class=\"e-con-inner\">\n\t\t\t\t<div class=\"elementor-element elementor-element-7985eda elementor-widget elementor-widget-spacer\" data-id=\"7985eda\" data-element_type=\"widget\" data-e-type=\"widget\" data-widget_type=\"spacer.default\">\n\t\t\t\t<div class=\"elementor-widget-container\">\n\t\t\t\t\t\t\t<div class=\"elementor-spacer\">\n\t\t\t<div class=\"elementor-spacer-inner\"><\/div>\n\t\t<\/div>\n\t\t\t\t\t\t<\/div>\n\t\t\t\t<\/div>\n\t\t\t\t\t<\/div>\n\t\t\t\t<\/div>\n\t\t<div class=\"elementor-element elementor-element-9bc4789 e-con-full e-flex tm-col-stretched-none tm-bg-color-over-image e-con e-parent\" data-id=\"9bc4789\" data-element_type=\"container\" data-e-type=\"container\" data-settings=\"{&quot;background_background&quot;:&quot;classic&quot;}\">\n\t\t<div class=\"elementor-element elementor-element-572761d e-flex e-con-boxed tm-col-stretched-none tm-bg-color-over-image e-con e-child\" data-id=\"572761d\" data-element_type=\"container\" data-e-type=\"container\">\n\t\t\t\t\t<div class=\"e-con-inner\">\n\t\t<div class=\"elementor-element elementor-element-c0873f8 e-con-full tm-col-stretched-none e-flex tm-bg-color-over-image e-con e-child\" data-id=\"c0873f8\" data-element_type=\"container\" data-e-type=\"container\">\n\t\t\t\t<div class=\"elementor-element elementor-element-94840bf elementor-widget elementor-widget-tm-ele-text-editor\" data-id=\"94840bf\" data-element_type=\"widget\" data-e-type=\"widget\" data-widget_type=\"tm-ele-text-editor.default\">\n\t\t\t\t<div class=\"elementor-widget-container\">\n\t\t\t\t\t\t\t<div class=\"tm-text-editor\">\r\n\t\t<p><span style=\"color: #333333;\">With an innovative, rational, principled, and responsible approach, we aspire to become a leading Turkish company that creates added value for clients across our region, Europe, and the Middle East. By offering integrated logistics solutions, we aim to establish ourselves as a pioneering global logistics provider, delivering fast, reliable, high\u2011quality, and profitable services.<\/span><\/p>\t\t<\/div>\r\n\t\t\t\t\t<\/div>\n\t\t\t\t<\/div>\n\t\t\t\t<\/div>\n\t\t<div class=\"elementor-element elementor-element-6fbdd73 e-con-full e-flex tm-col-stretched-none tm-bg-color-over-image e-con e-child\" data-id=\"6fbdd73\" data-element_type=\"container\" data-e-type=\"container\">\n\t\t\t\t<div class=\"elementor-element elementor-element-0f0b7a3 elementor-widget__width-initial horizontal-line-align-left vertical-line-align-bottom elementor-widget elementor-widget-tm-ele-section-title\" data-id=\"0f0b7a3\" data-element_type=\"widget\" data-e-type=\"widget\" data-widget_type=\"tm-ele-section-title.default\">\n\t\t\t\t<div class=\"elementor-widget-container\">\n\t\t\t\t\t<div class=\"tm-sc-section-title section-title line-left-current-theme \">\r\n\t<div class=\"title-wrapper\">\r\n\t\t\t\t\r\n\r\n<div class=\"sub-title-outer\">\r\n\t<\/div>\t\t\t<h2 class=\"title tm-split-text split-in-right\"  >\r\n\r\n\t\t\r\n\t\t\t\t<span class=\"title-part1 \">Our Vision<\/span>\r\n\t\t\t\t\r\n\t\t\t\t\t\t\t\r\n\t<\/h2>\r\n\t<div class=\"title-seperator-line\"><\/div>\t\t\t\t\t\t<\/div>\r\n<\/div>\t\t\t\t<\/div>\n\t\t\t\t<\/div>\n\t\t\t\t<\/div>\n\t\t\t\t\t<\/div>\n\t\t\t\t<\/div>\n\t\t\t\t<\/div>\n\t\t<div class=\"elementor-element elementor-element-e7a1e79 e-flex e-con-boxed tm-col-stretched-none tm-bg-color-over-image e-con e-parent\" data-id=\"e7a1e79\" data-element_type=\"container\" data-e-type=\"container\">\n\t\t\t\t\t<div class=\"e-con-inner\">\n\t\t\t\t<div class=\"elementor-element elementor-element-76654f2 elementor-widget elementor-widget-spacer\" data-id=\"76654f2\" data-element_type=\"widget\" data-e-type=\"widget\" data-widget_type=\"spacer.default\">\n\t\t\t\t<div class=\"elementor-widget-container\">\n\t\t\t\t\t\t\t<div class=\"elementor-spacer\">\n\t\t\t<div class=\"elementor-spacer-inner\"><\/div>\n\t\t<\/div>\n\t\t\t\t\t\t<\/div>\n\t\t\t\t<\/div>\n\t\t\t\t\t<\/div>\n\t\t\t\t<\/div>\n\t\t<div class=\"elementor-element elementor-element-4601716 e-flex e-con-boxed tm-col-stretched-none tm-bg-color-over-image e-con e-parent\" data-id=\"4601716\" data-element_type=\"container\" data-e-type=\"container\" data-settings=\"{&quot;background_background&quot;:&quot;classic&quot;}\">\n\t\t\t\t\t<div class=\"e-con-inner\">\n\t\t<div class=\"elementor-element elementor-element-269696a e-con-full e-flex tm-col-stretched-none tm-bg-color-over-image e-con e-child\" data-id=\"269696a\" data-element_type=\"container\" data-e-type=\"container\">\n\t\t<div class=\"elementor-element elementor-element-a2ae5be e-con-full e-flex tm-col-stretched-none tm-bg-color-over-image e-con e-child\" data-id=\"a2ae5be\" data-element_type=\"container\" data-e-type=\"container\">\n\t\t\t\t<div class=\"elementor-element elementor-element-44b6158 horizontal-line-align-left vertical-line-align-bottom elementor-widget elementor-widget-tm-ele-section-title\" data-id=\"44b6158\" data-element_type=\"widget\" data-e-type=\"widget\" data-widget_type=\"tm-ele-section-title.default\">\n\t\t\t\t<div class=\"elementor-widget-container\">\n\t\t\t\t\t<div class=\"tm-sc-section-title section-title line-center-current-theme \">\r\n\t<div class=\"title-wrapper\">\r\n\t\t\t\t\t\t\t<h5 class=\"title tm-split-text split-in-right\"  >\r\n\r\n\t\t\r\n\t\t\t\t<span class=\"title-part1 \">Our Responsibility<\/span>\r\n\t\t\t\t\r\n\t\t\t\t\t\t\t\r\n\t<\/h5>\r\n\t<div class=\"title-seperator-line\"><\/div>\t\t\t\t\t\t<\/div>\r\n<\/div>\t\t\t\t<\/div>\n\t\t\t\t<\/div>\n\t\t\t\t<\/div>\n\t\t<div class=\"elementor-element elementor-element-0c9d65d e-con-full tm-col-stretched-none e-flex tm-bg-color-over-image e-con e-child\" data-id=\"0c9d65d\" data-element_type=\"container\" data-e-type=\"container\">\n\t\t\t\t<div class=\"elementor-element elementor-element-6a6ae1a elementor-widget elementor-widget-tm-ele-text-editor\" data-id=\"6a6ae1a\" data-element_type=\"widget\" data-e-type=\"widget\" data-widget_type=\"tm-ele-text-editor.default\">\n\t\t\t\t<div class=\"elementor-widget-container\">\n\t\t\t\t\t\t\t<div class=\"tm-text-editor\">\r\n\t\t<p><span style=\"color: #333333;\">For us, logistics is not merely a transportation business \u2014it is a responsibility. As Sa\u011fnak Lojistik, we adhere to principles of quality, safety, and environmental awareness at every stage of our operations. With our reliable infrastructure and meticulous operational processes, we focus on to provide our clients with the best service.<\/span><\/p>\t\t<\/div>\r\n\t\t\t\t\t<\/div>\n\t\t\t\t<\/div>\n\t\t\t\t<\/div>\n\t\t\t\t<\/div>\n\t\t\t\t\t<\/div>\n\t\t\t\t<\/div>\n\t\t<div class=\"elementor-element elementor-element-70bfb7e e-flex e-con-boxed tm-col-stretched-none tm-bg-color-over-image e-con e-parent\" data-id=\"70bfb7e\" data-element_type=\"container\" data-e-type=\"container\">\n\t\t\t\t\t<div class=\"e-con-inner\">\n\t\t\t\t<div class=\"elementor-element elementor-element-2966dae elementor-widget elementor-widget-spacer\" data-id=\"2966dae\" data-element_type=\"widget\" data-e-type=\"widget\" data-widget_type=\"spacer.default\">\n\t\t\t\t<div class=\"elementor-widget-container\">\n\t\t\t\t\t\t\t<div class=\"elementor-spacer\">\n\t\t\t<div class=\"elementor-spacer-inner\"><\/div>\n\t\t<\/div>\n\t\t\t\t\t\t<\/div>\n\t\t\t\t<\/div>\n\t\t\t\t\t<\/div>\n\t\t\t\t<\/div>\n\t\t\t\t<\/div>\n\t\t","protected":false},"excerpt":{"rendered":"<p>Who we are? Foundations of Sa\u011fnak Lojistik were laid in 1965 by Memet Kaya Sa\u011fl\u0131k. Since then, our company has&#8230;<\/p>\n","protected":false},"author":1,"featured_media":0,"parent":0,"menu_order":0,"comment_status":"closed","ping_status":"closed","template":"","meta":{"footnotes":""},"class_list":["post-22578","page","type-page","status-publish","hentry"],"_links":{"self":[{"href":"https:\/\/sagnak.com.tr\/en\/wp-json\/wp\/v2\/pages\/22578","targetHints":{"allow":["GET"]}}],"collection":[{"href":"https:\/\/sagnak.com.tr\/en\/wp-json\/wp\/v2\/pages"}],"about":[{"href":"https:\/\/sagnak.com.tr\/en\/wp-json\/wp\/v2\/types\/page"}],"author":[{"embeddable":true,"href":"https:\/\/sagnak.com.tr\/en\/wp-json\/wp\/v2\/users\/1"}],"replies":[{"embeddable":true,"href":"https:\/\/sagnak.com.tr\/en\/wp-json\/wp\/v2\/comments?post=22578"}],"version-history":[{"count":0,"href":"https:\/\/sagnak.com.tr\/en\/wp-json\/wp\/v2\/pages\/22578\/revisions"}],"wp:attachment":[{"href":"https:\/\/sagnak.com.tr\/en\/wp-json\/wp\/v2\/media?parent=22578"}],"curies":[{"name":"wp","href":"https:\/\/api.w.org\/{rel}","templated":true}]}}