{"id":22583,"date":"2025-05-20T16:43:35","date_gmt":"2025-05-20T13:43:35","guid":{"rendered":"https:\/\/sagnak.com.tr\/surdurulebilirlik\/"},"modified":"2026-03-19T21:11:50","modified_gmt":"2026-03-19T18:11:50","slug":"sustainability","status":"publish","type":"page","link":"https:\/\/sagnak.com.tr\/en\/sustainability\/","title":{"rendered":"Sustainability"},"content":{"rendered":"\t\t<div data-elementor-type=\"wp-page\" data-elementor-id=\"22583\" class=\"elementor elementor-22583 elementor-20891\" data-elementor-post-type=\"page\">\n\t\t\t\t<div class=\"elementor-element elementor-element-7a743fa e-flex e-con-boxed tm-col-stretched-none tm-bg-color-over-image e-con e-parent\" data-id=\"7a743fa\" data-element_type=\"container\" data-e-type=\"container\">\n\t\t\t\t\t<div class=\"e-con-inner\">\n\t\t<div class=\"elementor-element elementor-element-0d69953 e-flex e-con-boxed tm-col-stretched-none tm-bg-color-over-image e-con e-child\" data-id=\"0d69953\" data-element_type=\"container\" data-e-type=\"container\">\n\t\t\t\t\t<div class=\"e-con-inner\">\n\t\t<div class=\"elementor-element elementor-element-141106c e-con-full e-flex tm-col-stretched-none tm-bg-color-over-image e-con e-child\" data-id=\"141106c\" data-element_type=\"container\" data-e-type=\"container\">\n\t\t\t\t<div class=\"elementor-element elementor-element-f17a0fd elementor-widget elementor-widget-tm-ele-navigation-menu\" data-id=\"f17a0fd\" data-element_type=\"widget\" data-e-type=\"widget\" data-widget_type=\"tm-ele-navigation-menu.default\">\n\t\t\t\t<div class=\"elementor-widget-container\">\n\t\t\t\t\t<div class=\"tm-sc-simple-nav-menu\"><ul id=\"menu-hizmetlerimiz\" class=\"\"><li id=\"menu-item-21164\" class=\"menu-item menu-item-type-post_type menu-item-object-page menu-item-21164\"><a href=\"https:\/\/sagnak.com.tr\/gumruklu-antrepo\/\"><i class=\"tm-nav-arrow-icon fas fa-chevron-right\"><\/i>Bonded Warehouse<\/a><\/li>\n<li id=\"menu-item-21192\" class=\"menu-item menu-item-type-post_type menu-item-object-page menu-item-21192\"><a href=\"https:\/\/sagnak.com.tr\/deniz-tasimaciligi\/\"><i class=\"tm-nav-arrow-icon fas fa-chevron-right\"><\/i>Maritime Transport<\/a><\/li>\n<li id=\"menu-item-21288\" class=\"menu-item menu-item-type-post_type menu-item-object-page menu-item-21288\"><a href=\"https:\/\/sagnak.com.tr\/karayolu-tasimaciligi\/\"><i class=\"tm-nav-arrow-icon fas fa-chevron-right\"><\/i>Road Transport<\/a><\/li>\n<li id=\"menu-item-21287\" class=\"menu-item menu-item-type-post_type menu-item-object-page menu-item-21287\"><a href=\"https:\/\/sagnak.com.tr\/konteyner-tasimaciligi\/\"><i class=\"tm-nav-arrow-icon fas fa-chevron-right\"><\/i>Container Transport<\/a><\/li>\n<li id=\"menu-item-21291\" class=\"menu-item menu-item-type-post_type menu-item-object-page menu-item-21291\"><a href=\"https:\/\/sagnak.com.tr\/proje-tasimaciligi\/\"><i class=\"tm-nav-arrow-icon fas fa-chevron-right\"><\/i>Proje Ta\u015f\u0131mac\u0131l\u0131\u011f\u0131<\/a><\/li>\n<\/ul><\/div>\t\t\t\t<\/div>\n\t\t\t\t<\/div>\n\t\t<div class=\"elementor-element elementor-element-8abf5ad e-con-full tm-col-stretched-none e-flex tm-bg-color-over-image e-con e-child\" data-id=\"8abf5ad\" data-element_type=\"container\" data-e-type=\"container\">\n\t\t\t\t<div class=\"elementor-element elementor-element-778c06a elementor-widget elementor-widget-tm-ele-iconbox\" data-id=\"778c06a\" data-element_type=\"widget\" data-e-type=\"widget\" data-widget_type=\"tm-ele-iconbox.default\">\n\t\t\t\t<div class=\"elementor-widget-container\">\n\t\t\t\t\t<div class=\"tm-sc-icon-box icon-box icon-top font-icon icon-top\">\r\n\t\r\n  \t<div class=\"icon-box-wrapper\">\r\n\t\t\r\n\t\t<div class=\"icon-wrapper\">\r\n\t\t<div class=\"icon icon-circled icon-type-font-icon icon-lg\">\r\n\t\t\t<i aria-hidden=\"true\" class=\" flaticon-common-phone-call\"><\/i>\t\t<\/div>\r\n\r\n\t\t\t<\/div>\r\n\t\t\t<div class=\"icon-text\">\r\n\t\t\t\t\t\t<div class=\"content\"><p>Bize Ula\u015f\u0131n<\/p><\/div>\r\n\t\t\t\r\n\t\t\t\t<h4 class=\"icon-box-title \">\r\n\t\t\t\t\t\t\t+90 324 451 3454\t\t\t\t\t<\/h4>\r\n\t\t\t\t\t\r\n\t\t\t\r\n\t\r\n\t\t\t\t\t<\/div>\r\n\t\t<div class=\"clearfix\"><\/div>\r\n\t<\/div>\r\n<\/div>\t\t\t\t<\/div>\n\t\t\t\t<\/div>\n\t\t\t\t<\/div>\n\t\t\t\t<\/div>\n\t\t<div class=\"elementor-element elementor-element-16b8ef9 e-con-full tm-col-stretched-none e-flex tm-bg-color-over-image e-con e-child\" data-id=\"16b8ef9\" data-element_type=\"container\" data-e-type=\"container\">\n\t\t\t\t<div class=\"elementor-element elementor-element-433c264 elementor-widget elementor-widget-image\" data-id=\"433c264\" data-element_type=\"widget\" data-e-type=\"widget\" data-widget_type=\"image.default\">\n\t\t\t\t<div class=\"elementor-widget-container\">\n\t\t\t\t\t\t\t\t\t\t\t\t\t\t\t<img decoding=\"async\" src=\"https:\/\/sagnak.com.tr\/wp-content\/uploads\/2025\/05\/surdurulebilirlik.jpeg\" title=\"surdurulebilirlik\" alt=\"surdurulebilirlik\" loading=\"lazy\" \/>\t\t\t\t\t\t\t\t\t\t\t\t\t\t\t<\/div>\n\t\t\t\t<\/div>\n\t\t\t\t<div class=\"elementor-element elementor-element-896d48e horizontal-line-align-left vertical-line-align-bottom elementor-widget elementor-widget-tm-ele-section-title\" data-id=\"896d48e\" data-element_type=\"widget\" data-e-type=\"widget\" data-widget_type=\"tm-ele-section-title.default\">\n\t\t\t\t<div class=\"elementor-widget-container\">\n\t\t\t\t\t<div class=\"tm-sc-section-title section-title \">\r\n\t<div class=\"title-wrapper\">\r\n\t\t\t\t\t\t\t<h5 class=\"title tm-split-text split-in-left\"  >\r\n\r\n\t\t\r\n\t\t\t\t<span class=\"title-part1 \">The Sa\u011fnak Lojistik Approach in Sustainability \"We are carrying the future\"<\/span>\r\n\t\t\t\t\r\n\t\t\t\t\t\t\t\r\n\t<\/h5>\r\n\t<div class=\"title-seperator-line\"><\/div>\t\t\t\t\t\t<div class=\"paragraph\">\r\n\t\t<p>As an international transportation company active in global scale, we are aware that we carry not only cargo, but also responsibility. Minimizing environmental impact, maximizing societal benefit and ensuring economic sustainability are among our central priorities.<\/p>\t<\/div>\r\n\t\t<\/div>\r\n<\/div>\t\t\t\t<\/div>\n\t\t\t\t<\/div>\n\t\t\t\t<\/div>\n\t\t\t\t\t<\/div>\n\t\t\t\t<\/div>\n\t\t\t\t\t<\/div>\n\t\t\t\t<\/div>\n\t\t\t\t<\/div>\n\t\t","protected":false},"excerpt":{"rendered":"<p>G\u00fcmr\u00fckl\u00fc Antrepo Deniz Ta\u015f\u0131mac\u0131l\u0131\u011f\u0131 Karayolu Ta\u015f\u0131mac\u0131l\u0131\u011f\u0131 Konteyner Ta\u015f\u0131mac\u0131l\u0131\u011f\u0131 Proje Ta\u015f\u0131mac\u0131l\u0131\u011f\u0131 Bize Ula\u015f\u0131n +90 324 451 3454 The Sa\u011fnak Lojistik Approach&#8230;<\/p>\n","protected":false},"author":2,"featured_media":0,"parent":0,"menu_order":0,"comment_status":"closed","ping_status":"closed","template":"","meta":{"footnotes":""},"class_list":["post-22583","page","type-page","status-publish","hentry"],"_links":{"self":[{"href":"https:\/\/sagnak.com.tr\/en\/wp-json\/wp\/v2\/pages\/22583","targetHints":{"allow":["GET"]}}],"collection":[{"href":"https:\/\/sagnak.com.tr\/en\/wp-json\/wp\/v2\/pages"}],"about":[{"href":"https:\/\/sagnak.com.tr\/en\/wp-json\/wp\/v2\/types\/page"}],"author":[{"embeddable":true,"href":"https:\/\/sagnak.com.tr\/en\/wp-json\/wp\/v2\/users\/2"}],"replies":[{"embeddable":true,"href":"https:\/\/sagnak.com.tr\/en\/wp-json\/wp\/v2\/comments?post=22583"}],"version-history":[{"count":1,"href":"https:\/\/sagnak.com.tr\/en\/wp-json\/wp\/v2\/pages\/22583\/revisions"}],"predecessor-version":[{"id":23406,"href":"https:\/\/sagnak.com.tr\/en\/wp-json\/wp\/v2\/pages\/22583\/revisions\/23406"}],"wp:attachment":[{"href":"https:\/\/sagnak.com.tr\/en\/wp-json\/wp\/v2\/media?parent=22583"}],"curies":[{"name":"wp","href":"https:\/\/api.w.org\/{rel}","templated":true}]}}