{"id":22591,"date":"2024-02-12T09:45:20","date_gmt":"2024-02-12T06:45:20","guid":{"rendered":"https:\/\/sagnak.com.tr\/gumruklu-antrepo\/"},"modified":"2025-06-14T19:43:14","modified_gmt":"2025-06-14T16:43:14","slug":"bonded-warehouse","status":"publish","type":"page","link":"https:\/\/sagnak.com.tr\/en\/bonded-warehouse\/","title":{"rendered":"Bonded Warehouse"},"content":{"rendered":"\t\t<div data-elementor-type=\"wp-page\" data-elementor-id=\"22591\" class=\"elementor elementor-22591 elementor-3626\" data-elementor-post-type=\"page\">\n\t\t\t\t<div class=\"elementor-element elementor-element-01f3787 e-flex e-con-boxed tm-col-stretched-none tm-bg-color-over-image e-con e-parent\" data-id=\"01f3787\" data-element_type=\"container\" data-e-type=\"container\">\n\t\t\t\t\t<div class=\"e-con-inner\">\n\t\t<div class=\"elementor-element elementor-element-81c4831 e-con-full e-flex tm-col-stretched-none tm-bg-color-over-image e-con e-child\" data-id=\"81c4831\" data-element_type=\"container\" data-e-type=\"container\" data-settings=\"{&quot;background_background&quot;:&quot;classic&quot;}\">\n\t\t\t\t<\/div>\n\t\t\t\t<div class=\"elementor-element elementor-element-27bbc68 elementor-widget elementor-widget-spacer\" data-id=\"27bbc68\" data-element_type=\"widget\" data-e-type=\"widget\" data-widget_type=\"spacer.default\">\n\t\t\t\t<div class=\"elementor-widget-container\">\n\t\t\t\t\t\t\t<div class=\"elementor-spacer\">\n\t\t\t<div class=\"elementor-spacer-inner\"><\/div>\n\t\t<\/div>\n\t\t\t\t\t\t<\/div>\n\t\t\t\t<\/div>\n\t\t<div class=\"elementor-element elementor-element-6594d5b e-con-full tm-col-stretched-none e-flex tm-bg-color-over-image e-con e-child\" data-id=\"6594d5b\" data-element_type=\"container\" data-e-type=\"container\">\n\t\t<div class=\"elementor-element elementor-element-20acd95 e-con-full e-flex tm-col-stretched-none tm-bg-color-over-image e-con e-child\" data-id=\"20acd95\" data-element_type=\"container\" data-e-type=\"container\">\n\t\t<div class=\"elementor-element elementor-element-b976eaa e-con-full tm-col-stretched-none e-flex tm-bg-color-over-image e-con e-child\" data-id=\"b976eaa\" data-element_type=\"container\" data-e-type=\"container\">\n\t\t\t\t<div class=\"elementor-element elementor-element-294217a elementor-widget elementor-widget-tm-ele-text-editor\" data-id=\"294217a\" data-element_type=\"widget\" data-e-type=\"widget\" data-widget_type=\"tm-ele-text-editor.default\">\n\t\t\t\t<div class=\"elementor-widget-container\">\n\t\t\t\t\t\t\t<div class=\"tm-text-editor\">\r\n\t\t<p><span style=\"color: #333333;\">As Sa\u011fnak Lojistik, we provide comprehensive bonded warehouse services in our modern facilities with 33,000 square metres of indoor space in the Akdeniz (Mediterranean) region of Mersin. We offer secure storage solutions in our bonded warehouse that are suitable for various temperature requirements, including frozen, cold and dry storage. We provide flexible solutions tailored to your goods\u2019 specific requirements, with our racked and non-racked options. All goods stored in our warehouse are covered by comprehensive third-party commodity insurance.<\/span><\/p>\t\t<\/div>\r\n\t\t\t\t\t<\/div>\n\t\t\t\t<\/div>\n\t\t\t\t<\/div>\n\t\t<div class=\"elementor-element elementor-element-7b7e06d e-con-full tm-col-stretched-none e-flex tm-bg-color-over-image e-con e-child\" data-id=\"7b7e06d\" data-element_type=\"container\" data-e-type=\"container\">\n\t\t\t\t<div class=\"elementor-element elementor-element-49804e7 elementor-widget elementor-widget-tm-ele-navigation-menu\" data-id=\"49804e7\" data-element_type=\"widget\" data-e-type=\"widget\" data-widget_type=\"tm-ele-navigation-menu.default\">\n\t\t\t\t<div class=\"elementor-widget-container\">\n\t\t\t\t\t<div class=\"tm-sc-simple-nav-menu\"><ul id=\"menu-hizmetlerimiz\" class=\"\"><li id=\"menu-item-21164\" class=\"menu-item menu-item-type-post_type menu-item-object-page menu-item-21164\"><a href=\"https:\/\/sagnak.com.tr\/gumruklu-antrepo\/\"><i class=\"tm-nav-arrow-icon fas fa-chevron-right\"><\/i>Bonded Warehouse<\/a><\/li>\n<li id=\"menu-item-21192\" class=\"menu-item menu-item-type-post_type menu-item-object-page menu-item-21192\"><a href=\"https:\/\/sagnak.com.tr\/deniz-tasimaciligi\/\"><i class=\"tm-nav-arrow-icon fas fa-chevron-right\"><\/i>Maritime Transport<\/a><\/li>\n<li id=\"menu-item-21288\" class=\"menu-item menu-item-type-post_type menu-item-object-page menu-item-21288\"><a href=\"https:\/\/sagnak.com.tr\/karayolu-tasimaciligi\/\"><i class=\"tm-nav-arrow-icon fas fa-chevron-right\"><\/i>Road Transport<\/a><\/li>\n<li id=\"menu-item-21287\" class=\"menu-item menu-item-type-post_type menu-item-object-page menu-item-21287\"><a href=\"https:\/\/sagnak.com.tr\/konteyner-tasimaciligi\/\"><i class=\"tm-nav-arrow-icon fas fa-chevron-right\"><\/i>Container Transport<\/a><\/li>\n<li id=\"menu-item-21291\" class=\"menu-item menu-item-type-post_type menu-item-object-page menu-item-21291\"><a href=\"https:\/\/sagnak.com.tr\/proje-tasimaciligi\/\"><i class=\"tm-nav-arrow-icon fas fa-chevron-right\"><\/i>Proje Ta\u015f\u0131mac\u0131l\u0131\u011f\u0131<\/a><\/li>\n<\/ul><\/div>\t\t\t\t<\/div>\n\t\t\t\t<\/div>\n\t\t\t\t<\/div>\n\t\t\t\t<\/div>\n\t\t\t\t<\/div>\n\t\t\t\t\t<\/div>\n\t\t\t\t<\/div>\n\t\t\t\t<\/div>\n\t\t","protected":false},"excerpt":{"rendered":"<p>As Sa\u011fnak Lojistik, we provide comprehensive bonded warehouse services in our modern facilities with 33,000 square metres of indoor space&#8230;<\/p>\n","protected":false},"author":1,"featured_media":0,"parent":0,"menu_order":0,"comment_status":"closed","ping_status":"closed","template":"","meta":{"footnotes":""},"class_list":["post-22591","page","type-page","status-publish","hentry"],"_links":{"self":[{"href":"https:\/\/sagnak.com.tr\/en\/wp-json\/wp\/v2\/pages\/22591","targetHints":{"allow":["GET"]}}],"collection":[{"href":"https:\/\/sagnak.com.tr\/en\/wp-json\/wp\/v2\/pages"}],"about":[{"href":"https:\/\/sagnak.com.tr\/en\/wp-json\/wp\/v2\/types\/page"}],"author":[{"embeddable":true,"href":"https:\/\/sagnak.com.tr\/en\/wp-json\/wp\/v2\/users\/1"}],"replies":[{"embeddable":true,"href":"https:\/\/sagnak.com.tr\/en\/wp-json\/wp\/v2\/comments?post=22591"}],"version-history":[{"count":0,"href":"https:\/\/sagnak.com.tr\/en\/wp-json\/wp\/v2\/pages\/22591\/revisions"}],"wp:attachment":[{"href":"https:\/\/sagnak.com.tr\/en\/wp-json\/wp\/v2\/media?parent=22591"}],"curies":[{"name":"wp","href":"https:\/\/api.w.org\/{rel}","templated":true}]}}