{"id":22596,"date":"2025-05-22T13:34:31","date_gmt":"2025-05-22T10:34:31","guid":{"rendered":"https:\/\/sagnak.com.tr\/karayolu-tasimaciligi\/"},"modified":"2026-03-19T21:23:54","modified_gmt":"2026-03-19T18:23:54","slug":"road-transport","status":"publish","type":"page","link":"https:\/\/sagnak.com.tr\/en\/road-transport\/","title":{"rendered":"Road Transport"},"content":{"rendered":"\t\t<div data-elementor-type=\"wp-page\" data-elementor-id=\"22596\" class=\"elementor elementor-22596 elementor-21270\" data-elementor-post-type=\"page\">\n\t\t\t\t<div class=\"elementor-element elementor-element-01f3787 e-flex e-con-boxed tm-col-stretched-none tm-bg-color-over-image e-con e-parent\" data-id=\"01f3787\" data-element_type=\"container\" data-e-type=\"container\">\n\t\t\t\t\t<div class=\"e-con-inner\">\n\t\t<div class=\"elementor-element elementor-element-957f7cf e-con-full e-flex tm-col-stretched-none tm-bg-color-over-image e-con e-child\" data-id=\"957f7cf\" data-element_type=\"container\" data-e-type=\"container\" data-settings=\"{&quot;background_background&quot;:&quot;classic&quot;}\">\n\t\t\t\t<\/div>\n\t\t\t\t<div class=\"elementor-element elementor-element-2f8926b elementor-widget elementor-widget-spacer\" data-id=\"2f8926b\" data-element_type=\"widget\" data-e-type=\"widget\" data-widget_type=\"spacer.default\">\n\t\t\t\t<div class=\"elementor-widget-container\">\n\t\t\t\t\t\t\t<div class=\"elementor-spacer\">\n\t\t\t<div class=\"elementor-spacer-inner\"><\/div>\n\t\t<\/div>\n\t\t\t\t\t\t<\/div>\n\t\t\t\t<\/div>\n\t\t\t\t<div class=\"elementor-element elementor-element-2dccfa7 elementor-hidden-desktop elementor-hidden-tablet elementor-hidden-mobile elementor-widget elementor-widget-heading\" data-id=\"2dccfa7\" data-element_type=\"widget\" data-e-type=\"widget\" data-widget_type=\"heading.default\">\n\t\t\t\t<div class=\"elementor-widget-container\">\n\t\t\t\t\t<h3 class=\"elementor-heading-title elementor-size-default\"><a href=\"https:\/\/sagnak.com.tr\/karayolu-tasimaciligi\">Road Transport<\/a><\/h3>\t\t\t\t<\/div>\n\t\t\t\t<\/div>\n\t\t<div class=\"elementor-element elementor-element-20acd95 e-con-full e-flex tm-col-stretched-none tm-bg-color-over-image e-con e-child\" data-id=\"20acd95\" data-element_type=\"container\" data-e-type=\"container\">\n\t\t<div class=\"elementor-element elementor-element-b976eaa e-con-full tm-col-stretched-none e-flex tm-bg-color-over-image e-con e-child\" data-id=\"b976eaa\" data-element_type=\"container\" data-e-type=\"container\">\n\t\t\t\t<div class=\"elementor-element elementor-element-294217a elementor-widget elementor-widget-tm-ele-text-editor\" data-id=\"294217a\" data-element_type=\"widget\" data-e-type=\"widget\" data-widget_type=\"tm-ele-text-editor.default\">\n\t\t\t\t<div class=\"elementor-widget-container\">\n\t\t\t\t\t\t\t<div class=\"tm-text-editor\">\r\n\t\t<p>Sa\u011fnak Lojistik has a deep-rooted history in the logistics sector with 40 years of experience. Thanks to our young vehicle fleet, experienced team, and modern facilities, we provide uninterrupted service to our customers. While ensuring the safe delivery of your temperature-sensitive cargoes to Europe with our refrigerated vehicles, we also offer effective solutions for container transportation between ports and warehouses. All our shipments are secured with transportation liability insurance in accordance with international standards.<\/p>\t\t<\/div>\r\n\t\t\t\t\t<\/div>\n\t\t\t\t<\/div>\n\t\t<div class=\"elementor-element elementor-element-65ed330 e-con-full e-flex tm-col-stretched-none tm-bg-color-over-image e-con e-child\" data-id=\"65ed330\" data-element_type=\"container\" data-e-type=\"container\">\n\t\t\t\t<\/div>\n\t\t\t\t<\/div>\n\t\t<div class=\"elementor-element elementor-element-7b7e06d e-con-full tm-col-stretched-none e-flex tm-bg-color-over-image e-con e-child\" data-id=\"7b7e06d\" data-element_type=\"container\" data-e-type=\"container\">\n\t\t\t\t<div class=\"elementor-element elementor-element-49804e7 elementor-widget elementor-widget-tm-ele-navigation-menu\" data-id=\"49804e7\" data-element_type=\"widget\" data-e-type=\"widget\" data-widget_type=\"tm-ele-navigation-menu.default\">\n\t\t\t\t<div class=\"elementor-widget-container\">\n\t\t\t\t\t<div class=\"tm-sc-simple-nav-menu\"><ul id=\"menu-hizmetlerimiz\" class=\"\"><li id=\"menu-item-21164\" class=\"menu-item menu-item-type-post_type menu-item-object-page menu-item-21164\"><a href=\"https:\/\/sagnak.com.tr\/gumruklu-antrepo\/\"><i class=\"tm-nav-arrow-icon fas fa-chevron-right\"><\/i>Bonded Warehouse<\/a><\/li>\n<li id=\"menu-item-21192\" class=\"menu-item menu-item-type-post_type menu-item-object-page menu-item-21192\"><a href=\"https:\/\/sagnak.com.tr\/deniz-tasimaciligi\/\"><i class=\"tm-nav-arrow-icon fas fa-chevron-right\"><\/i>Maritime Transport<\/a><\/li>\n<li id=\"menu-item-21288\" class=\"menu-item menu-item-type-post_type menu-item-object-page menu-item-21288\"><a href=\"https:\/\/sagnak.com.tr\/karayolu-tasimaciligi\/\"><i class=\"tm-nav-arrow-icon fas fa-chevron-right\"><\/i>Road Transport<\/a><\/li>\n<li id=\"menu-item-21287\" class=\"menu-item menu-item-type-post_type menu-item-object-page menu-item-21287\"><a href=\"https:\/\/sagnak.com.tr\/konteyner-tasimaciligi\/\"><i class=\"tm-nav-arrow-icon fas fa-chevron-right\"><\/i>Container Transport<\/a><\/li>\n<li id=\"menu-item-21291\" class=\"menu-item menu-item-type-post_type menu-item-object-page menu-item-21291\"><a href=\"https:\/\/sagnak.com.tr\/proje-tasimaciligi\/\"><i class=\"tm-nav-arrow-icon fas fa-chevron-right\"><\/i>Proje Ta\u015f\u0131mac\u0131l\u0131\u011f\u0131<\/a><\/li>\n<\/ul><\/div>\t\t\t\t<\/div>\n\t\t\t\t<\/div>\n\t\t\t\t<\/div>\n\t\t\t\t<\/div>\n\t\t\t\t\t<\/div>\n\t\t\t\t<\/div>\n\t\t\t\t<\/div>\n\t\t","protected":false},"excerpt":{"rendered":"<p>Road Transport Sa\u011fnak Lojistik has a deep-rooted history in the logistics sector with 40 years of experience. Thanks to our&#8230;<\/p>\n","protected":false},"author":2,"featured_media":0,"parent":0,"menu_order":0,"comment_status":"closed","ping_status":"closed","template":"","meta":{"footnotes":""},"class_list":["post-22596","page","type-page","status-publish","hentry"],"_links":{"self":[{"href":"https:\/\/sagnak.com.tr\/en\/wp-json\/wp\/v2\/pages\/22596","targetHints":{"allow":["GET"]}}],"collection":[{"href":"https:\/\/sagnak.com.tr\/en\/wp-json\/wp\/v2\/pages"}],"about":[{"href":"https:\/\/sagnak.com.tr\/en\/wp-json\/wp\/v2\/types\/page"}],"author":[{"embeddable":true,"href":"https:\/\/sagnak.com.tr\/en\/wp-json\/wp\/v2\/users\/2"}],"replies":[{"embeddable":true,"href":"https:\/\/sagnak.com.tr\/en\/wp-json\/wp\/v2\/comments?post=22596"}],"version-history":[{"count":19,"href":"https:\/\/sagnak.com.tr\/en\/wp-json\/wp\/v2\/pages\/22596\/revisions"}],"predecessor-version":[{"id":23414,"href":"https:\/\/sagnak.com.tr\/en\/wp-json\/wp\/v2\/pages\/22596\/revisions\/23414"}],"wp:attachment":[{"href":"https:\/\/sagnak.com.tr\/en\/wp-json\/wp\/v2\/media?parent=22596"}],"curies":[{"name":"wp","href":"https:\/\/api.w.org\/{rel}","templated":true}]}}