{"id":22600,"date":"2025-05-22T05:05:09","date_gmt":"2025-05-22T02:05:09","guid":{"rendered":"https:\/\/sagnak.com.tr\/deniz-tasimaciligi\/"},"modified":"2026-03-19T21:12:32","modified_gmt":"2026-03-19T18:12:32","slug":"maritime-transport","status":"publish","type":"page","link":"https:\/\/sagnak.com.tr\/en\/maritime-transport\/","title":{"rendered":"Maritime Transport"},"content":{"rendered":"\t\t<div data-elementor-type=\"wp-page\" data-elementor-id=\"22600\" class=\"elementor elementor-22600 elementor-21175\" data-elementor-post-type=\"page\">\n\t\t\t\t<div class=\"elementor-element elementor-element-01f3787 e-flex e-con-boxed tm-col-stretched-none tm-bg-color-over-image e-con e-parent\" data-id=\"01f3787\" data-element_type=\"container\" data-e-type=\"container\">\n\t\t\t\t\t<div class=\"e-con-inner\">\n\t\t<div class=\"elementor-element elementor-element-957f7cf e-con-full e-flex tm-col-stretched-none tm-bg-color-over-image e-con e-child\" data-id=\"957f7cf\" data-element_type=\"container\" data-e-type=\"container\" data-settings=\"{&quot;background_background&quot;:&quot;classic&quot;}\">\n\t\t\t\t<\/div>\n\t\t\t\t\t<\/div>\n\t\t\t\t<\/div>\n\t\t<div class=\"elementor-element elementor-element-6aa0cda e-flex e-con-boxed tm-col-stretched-none tm-bg-color-over-image e-con e-parent\" data-id=\"6aa0cda\" data-element_type=\"container\" data-e-type=\"container\">\n\t\t\t\t\t<div class=\"e-con-inner\">\n\t\t<div class=\"elementor-element elementor-element-20acd95 e-con-full e-flex tm-col-stretched-none tm-bg-color-over-image e-con e-child\" data-id=\"20acd95\" data-element_type=\"container\" data-e-type=\"container\">\n\t\t<div class=\"elementor-element elementor-element-b976eaa tm-col-stretched-none e-flex e-con-boxed tm-bg-color-over-image e-con e-child\" data-id=\"b976eaa\" data-element_type=\"container\" data-e-type=\"container\">\n\t\t\t\t\t<div class=\"e-con-inner\">\n\t\t\t\t<div class=\"elementor-element elementor-element-294217a elementor-widget elementor-widget-tm-ele-text-editor\" data-id=\"294217a\" data-element_type=\"widget\" data-e-type=\"widget\" data-widget_type=\"tm-ele-text-editor.default\">\n\t\t\t\t<div class=\"elementor-widget-container\">\n\t\t\t\t\t\t\t<div class=\"tm-text-editor\">\r\n\t\t<div class=\"elementor-element elementor-element-098a373 elementor-widget elementor-widget-text-editor\" data-id=\"098a373\" data-element_type=\"widget\" data-widget_type=\"text-editor.default\"><div class=\"elementor-widget-container\"><p><span style=\"color: #333333;\">As Sa\u011fnak-Welline Shipping &amp; Logistics, we carry out logistics activities in the world\u2019s leading ports with our freight forwarding services and expert team. By planning LCL and FCL container shipments through Mersin\u2019s maritime logistics with cost and time advantages, we offer alternative options to provide our clients with the most ideal solutions in maritime transport. Maritime transport is one of the most important sectors of international transportation and constitutes a significant portion of the world's foreign trade volume. There are many reasons why maritime transport is preferred. Cost-effectiveness and the safe transportation of valuable products are among the most notable of these reasons. The various types of maritime transport depend on the nature and method of the service.<\/span><\/p><\/div><\/div>\t\t<\/div>\r\n\t\t\t\t\t<\/div>\n\t\t\t\t<\/div>\n\t\t\t\t<div class=\"elementor-element elementor-element-0cf204a horizontal-line-align-left vertical-line-align-bottom elementor-widget elementor-widget-tm-ele-section-title\" data-id=\"0cf204a\" data-element_type=\"widget\" data-e-type=\"widget\" data-widget_type=\"tm-ele-section-title.default\">\n\t\t\t\t<div class=\"elementor-widget-container\">\n\t\t\t\t\t<div class=\"tm-sc-section-title section-title \">\r\n\t<div class=\"title-wrapper\">\r\n\t\t\t\t\t\t\t<h5 class=\"title \"  >\r\n\r\n\t\t\r\n\t\t\t\t<span class=\"title-part1 \">What is Maritime Transport?<\/span>\r\n\t\t\t\t\r\n\t\t\t\t\t\t\t\r\n\t<\/h5>\r\n\t<div class=\"title-seperator-line\"><\/div>\t\t\t\t\t\t<div class=\"paragraph\">\r\n\t\t<p>Maritime transportation is the movement of a product from one location to another via sea routes. Factors such as the nature of the products, their size, transportation distance, weather conditions, and transportation budget play a significant role in maritime transportation. As one of the most frequently preferred logistics methods in the world, maritime transportation enables the movement of large quantities of goods.<\/p>\t<\/div>\r\n\t\t<\/div>\r\n<\/div>\t\t\t\t<\/div>\n\t\t\t\t<\/div>\n\t\t\t\t\t<\/div>\n\t\t\t\t<\/div>\n\t\t<div class=\"elementor-element elementor-element-7b7e06d e-con-full tm-col-stretched-none e-flex tm-bg-color-over-image e-con e-child\" data-id=\"7b7e06d\" data-element_type=\"container\" data-e-type=\"container\">\n\t\t\t\t<div class=\"elementor-element elementor-element-49804e7 elementor-widget elementor-widget-tm-ele-navigation-menu\" data-id=\"49804e7\" data-element_type=\"widget\" data-e-type=\"widget\" data-widget_type=\"tm-ele-navigation-menu.default\">\n\t\t\t\t<div class=\"elementor-widget-container\">\n\t\t\t\t\t<div class=\"tm-sc-simple-nav-menu\"><ul id=\"menu-hizmetlerimiz\" class=\"\"><li id=\"menu-item-21164\" class=\"menu-item menu-item-type-post_type menu-item-object-page menu-item-21164\"><a href=\"https:\/\/sagnak.com.tr\/gumruklu-antrepo\/\"><i class=\"tm-nav-arrow-icon fas fa-chevron-right\"><\/i>Bonded Warehouse<\/a><\/li>\n<li id=\"menu-item-21192\" class=\"menu-item menu-item-type-post_type menu-item-object-page menu-item-21192\"><a href=\"https:\/\/sagnak.com.tr\/deniz-tasimaciligi\/\"><i class=\"tm-nav-arrow-icon fas fa-chevron-right\"><\/i>Maritime Transport<\/a><\/li>\n<li id=\"menu-item-21288\" class=\"menu-item menu-item-type-post_type menu-item-object-page menu-item-21288\"><a href=\"https:\/\/sagnak.com.tr\/karayolu-tasimaciligi\/\"><i class=\"tm-nav-arrow-icon fas fa-chevron-right\"><\/i>Road Transport<\/a><\/li>\n<li id=\"menu-item-21287\" class=\"menu-item menu-item-type-post_type menu-item-object-page menu-item-21287\"><a href=\"https:\/\/sagnak.com.tr\/konteyner-tasimaciligi\/\"><i class=\"tm-nav-arrow-icon fas fa-chevron-right\"><\/i>Container Transport<\/a><\/li>\n<li id=\"menu-item-21291\" class=\"menu-item menu-item-type-post_type menu-item-object-page menu-item-21291\"><a href=\"https:\/\/sagnak.com.tr\/proje-tasimaciligi\/\"><i class=\"tm-nav-arrow-icon fas fa-chevron-right\"><\/i>Proje Ta\u015f\u0131mac\u0131l\u0131\u011f\u0131<\/a><\/li>\n<\/ul><\/div>\t\t\t\t<\/div>\n\t\t\t\t<\/div>\n\t\t\t\t<\/div>\n\t\t\t\t<\/div>\n\t\t\t\t\t<\/div>\n\t\t\t\t<\/div>\n\t\t\t\t<\/div>\n\t\t","protected":false},"excerpt":{"rendered":"<p>As Sa\u011fnak-Welline Shipping &amp; Logistics, we carry out logistics activities in the world\u2019s leading ports with our freight forwarding services&#8230;<\/p>\n","protected":false},"author":2,"featured_media":0,"parent":0,"menu_order":0,"comment_status":"closed","ping_status":"closed","template":"","meta":{"footnotes":""},"class_list":["post-22600","page","type-page","status-publish","hentry"],"_links":{"self":[{"href":"https:\/\/sagnak.com.tr\/en\/wp-json\/wp\/v2\/pages\/22600","targetHints":{"allow":["GET"]}}],"collection":[{"href":"https:\/\/sagnak.com.tr\/en\/wp-json\/wp\/v2\/pages"}],"about":[{"href":"https:\/\/sagnak.com.tr\/en\/wp-json\/wp\/v2\/types\/page"}],"author":[{"embeddable":true,"href":"https:\/\/sagnak.com.tr\/en\/wp-json\/wp\/v2\/users\/2"}],"replies":[{"embeddable":true,"href":"https:\/\/sagnak.com.tr\/en\/wp-json\/wp\/v2\/comments?post=22600"}],"version-history":[{"count":1,"href":"https:\/\/sagnak.com.tr\/en\/wp-json\/wp\/v2\/pages\/22600\/revisions"}],"predecessor-version":[{"id":23410,"href":"https:\/\/sagnak.com.tr\/en\/wp-json\/wp\/v2\/pages\/22600\/revisions\/23410"}],"wp:attachment":[{"href":"https:\/\/sagnak.com.tr\/en\/wp-json\/wp\/v2\/media?parent=22600"}],"curies":[{"name":"wp","href":"https:\/\/api.w.org\/{rel}","templated":true}]}}