{"id":22609,"date":"2025-05-22T15:27:16","date_gmt":"2025-05-22T12:27:16","guid":{"rendered":"https:\/\/sagnak.com.tr\/proje-tasimaciligi\/"},"modified":"2026-03-19T22:20:25","modified_gmt":"2026-03-19T19:20:25","slug":"proje-tasimaciligi","status":"publish","type":"page","link":"https:\/\/sagnak.com.tr\/en\/proje-tasimaciligi\/","title":{"rendered":"Proje Ta\u015f\u0131mac\u0131l\u0131\u011f\u0131"},"content":{"rendered":"\t\t<div data-elementor-type=\"wp-page\" data-elementor-id=\"22609\" class=\"elementor elementor-22609 elementor-21289\" data-elementor-post-type=\"page\">\n\t\t\t\t<div class=\"elementor-element elementor-element-01f3787 e-flex e-con-boxed tm-col-stretched-none tm-bg-color-over-image e-con e-parent\" data-id=\"01f3787\" data-element_type=\"container\" data-e-type=\"container\">\n\t\t\t\t\t<div class=\"e-con-inner\">\n\t\t<div class=\"elementor-element elementor-element-957f7cf e-con-full e-flex tm-col-stretched-none tm-bg-color-over-image e-con e-child\" data-id=\"957f7cf\" data-element_type=\"container\" data-e-type=\"container\" data-settings=\"{&quot;background_background&quot;:&quot;classic&quot;}\">\n\t\t\t\t<\/div>\n\t\t\t\t<div class=\"elementor-element elementor-element-2f8926b elementor-widget elementor-widget-spacer\" data-id=\"2f8926b\" data-element_type=\"widget\" data-e-type=\"widget\" data-widget_type=\"spacer.default\">\n\t\t\t\t<div class=\"elementor-widget-container\">\n\t\t\t\t\t\t\t<div class=\"elementor-spacer\">\n\t\t\t<div class=\"elementor-spacer-inner\"><\/div>\n\t\t<\/div>\n\t\t\t\t\t\t<\/div>\n\t\t\t\t<\/div>\n\t\t<div class=\"elementor-element elementor-element-20acd95 e-con-full e-flex tm-col-stretched-none tm-bg-color-over-image e-con e-child\" data-id=\"20acd95\" data-element_type=\"container\" data-e-type=\"container\">\n\t\t<div class=\"elementor-element elementor-element-b976eaa e-con-full tm-col-stretched-none e-flex tm-bg-color-over-image e-con e-child\" data-id=\"b976eaa\" data-element_type=\"container\" data-e-type=\"container\">\n\t\t\t\t<div class=\"elementor-element elementor-element-294217a elementor-widget elementor-widget-tm-ele-text-editor\" data-id=\"294217a\" data-element_type=\"widget\" data-e-type=\"widget\" data-widget_type=\"tm-ele-text-editor.default\">\n\t\t\t\t<div class=\"elementor-widget-container\">\n\t\t\t\t\t\t\t<div class=\"tm-text-editor\">\r\n\t\t<div class=\"elementor-element elementor-element-098a373 elementor-widget elementor-widget-text-editor\" data-id=\"098a373\" data-element_type=\"widget\" data-widget_type=\"text-editor.default\"><div class=\"elementor-widget-container\"><p><span style=\"color: #333333;\">Deniz ve kara yoluyla veya kombine ta\u015f\u0131malarla y\u00fck\u00fcn\u00fcze \u00f6zel bir ta\u015f\u0131ma modeli belirlerken; in\u015faat,<\/span><span style=\"color: #333333;\">enerji, havac\u0131l\u0131k, savunma, otomotiv ve madencilik gibi bir\u00e7ok farkl\u0131 sekt\u00f6re hizmet ve planlanan <\/span><span style=\"color: #333333;\">terminler d\u00e2hilinde, zaman\u0131nda ve g\u00fcvenli teslimat ger\u00e7ekle\u015ftiriyoruz. <strong><a href=\"https:\/\/sagnak.com.tr\/proje-tasimaciligi-nasil-yapilir\/\">Proje Ta\u015f\u0131mac\u0131l\u0131\u011f\u0131 Nas\u0131l Yap\u0131l\u0131r.<\/a><\/strong><\/span><\/p><\/div><\/div>\t\t<\/div>\r\n\t\t\t\t\t<\/div>\n\t\t\t\t<\/div>\n\t\t\t\t<\/div>\n\t\t<div class=\"elementor-element elementor-element-7b7e06d e-con-full tm-col-stretched-none e-flex tm-bg-color-over-image e-con e-child\" data-id=\"7b7e06d\" data-element_type=\"container\" data-e-type=\"container\">\n\t\t\t\t<div class=\"elementor-element elementor-element-49804e7 elementor-widget elementor-widget-tm-ele-navigation-menu\" data-id=\"49804e7\" data-element_type=\"widget\" data-e-type=\"widget\" data-widget_type=\"tm-ele-navigation-menu.default\">\n\t\t\t\t<div class=\"elementor-widget-container\">\n\t\t\t\t\t<div class=\"tm-sc-simple-nav-menu\"><ul id=\"menu-hizmetlerimiz\" class=\"\"><li id=\"menu-item-21164\" class=\"menu-item menu-item-type-post_type menu-item-object-page menu-item-21164\"><a href=\"https:\/\/sagnak.com.tr\/gumruklu-antrepo\/\"><i class=\"tm-nav-arrow-icon fas fa-chevron-right\"><\/i>Bonded Warehouse<\/a><\/li>\n<li id=\"menu-item-21192\" class=\"menu-item menu-item-type-post_type menu-item-object-page menu-item-21192\"><a href=\"https:\/\/sagnak.com.tr\/deniz-tasimaciligi\/\"><i class=\"tm-nav-arrow-icon fas fa-chevron-right\"><\/i>Maritime Transport<\/a><\/li>\n<li id=\"menu-item-21288\" class=\"menu-item menu-item-type-post_type menu-item-object-page menu-item-21288\"><a href=\"https:\/\/sagnak.com.tr\/karayolu-tasimaciligi\/\"><i class=\"tm-nav-arrow-icon fas fa-chevron-right\"><\/i>Road Transport<\/a><\/li>\n<li id=\"menu-item-21287\" class=\"menu-item menu-item-type-post_type menu-item-object-page menu-item-21287\"><a href=\"https:\/\/sagnak.com.tr\/konteyner-tasimaciligi\/\"><i class=\"tm-nav-arrow-icon fas fa-chevron-right\"><\/i>Container Transport<\/a><\/li>\n<li id=\"menu-item-21291\" class=\"menu-item menu-item-type-post_type menu-item-object-page menu-item-21291\"><a href=\"https:\/\/sagnak.com.tr\/proje-tasimaciligi\/\"><i class=\"tm-nav-arrow-icon fas fa-chevron-right\"><\/i>Proje Ta\u015f\u0131mac\u0131l\u0131\u011f\u0131<\/a><\/li>\n<\/ul><\/div>\t\t\t\t<\/div>\n\t\t\t\t<\/div>\n\t\t\t\t<\/div>\n\t\t\t\t<\/div>\n\t\t\t\t\t<\/div>\n\t\t\t\t<\/div>\n\t\t<div class=\"elementor-element elementor-element-d0a5b23 e-flex e-con-boxed tm-col-stretched-none tm-bg-color-over-image e-con e-parent\" data-id=\"d0a5b23\" data-element_type=\"container\" data-e-type=\"container\">\n\t\t\t\t\t<div class=\"e-con-inner\">\n\t\t\t\t<div class=\"elementor-element elementor-element-69a7f59 elementor-hidden-desktop elementor-hidden-tablet elementor-hidden-mobile elementor-widget elementor-widget-heading\" data-id=\"69a7f59\" data-element_type=\"widget\" data-e-type=\"widget\" data-widget_type=\"heading.default\">\n\t\t\t\t<div class=\"elementor-widget-container\">\n\t\t\t\t\t<h2 class=\"elementor-heading-title elementor-size-default\">Proje Ta\u015f\u0131mac\u0131l\u0131\u011f\u0131- Sa\u011fnak Lojistik<\/h2>\t\t\t\t<\/div>\n\t\t\t\t<\/div>\n\t\t\t\t\t<\/div>\n\t\t\t\t<\/div>\n\t\t\t\t<\/div>\n\t\t","protected":false},"excerpt":{"rendered":"<p>Deniz ve kara yoluyla veya kombine ta\u015f\u0131malarla y\u00fck\u00fcn\u00fcze \u00f6zel bir ta\u015f\u0131ma modeli belirlerken; in\u015faat,enerji, havac\u0131l\u0131k, savunma, otomotiv ve madencilik gibi&#8230;<\/p>\n","protected":false},"author":1,"featured_media":0,"parent":0,"menu_order":0,"comment_status":"closed","ping_status":"closed","template":"","meta":{"footnotes":""},"class_list":["post-22609","page","type-page","status-publish","hentry"],"_links":{"self":[{"href":"https:\/\/sagnak.com.tr\/en\/wp-json\/wp\/v2\/pages\/22609","targetHints":{"allow":["GET"]}}],"collection":[{"href":"https:\/\/sagnak.com.tr\/en\/wp-json\/wp\/v2\/pages"}],"about":[{"href":"https:\/\/sagnak.com.tr\/en\/wp-json\/wp\/v2\/types\/page"}],"author":[{"embeddable":true,"href":"https:\/\/sagnak.com.tr\/en\/wp-json\/wp\/v2\/users\/1"}],"replies":[{"embeddable":true,"href":"https:\/\/sagnak.com.tr\/en\/wp-json\/wp\/v2\/comments?post=22609"}],"version-history":[{"count":8,"href":"https:\/\/sagnak.com.tr\/en\/wp-json\/wp\/v2\/pages\/22609\/revisions"}],"predecessor-version":[{"id":23446,"href":"https:\/\/sagnak.com.tr\/en\/wp-json\/wp\/v2\/pages\/22609\/revisions\/23446"}],"wp:attachment":[{"href":"https:\/\/sagnak.com.tr\/en\/wp-json\/wp\/v2\/media?parent=22609"}],"curies":[{"name":"wp","href":"https:\/\/api.w.org\/{rel}","templated":true}]}}