{"id":23350,"date":"2025-05-20T16:43:35","date_gmt":"2025-05-20T13:43:35","guid":{"rendered":"https:\/\/sagnak.com.tr\/surdurulebilirlik\/"},"modified":"2026-03-19T18:21:03","modified_gmt":"2026-03-19T15:21:03","slug":"surdurulebilirlik","status":"publish","type":"page","link":"https:\/\/sagnak.com.tr\/zh-hans\/surdurulebilirlik\/","title":{"rendered":"\u6c38\u7e8c\u6027"},"content":{"rendered":"\t\t<div data-elementor-type=\"wp-page\" data-elementor-id=\"23350\" class=\"elementor elementor-23350 elementor-20891\" data-elementor-post-type=\"page\">\n\t\t\t\t<div class=\"elementor-element elementor-element-7a743fa e-flex e-con-boxed tm-col-stretched-none tm-bg-color-over-image e-con e-parent\" data-id=\"7a743fa\" data-element_type=\"container\" data-e-type=\"container\">\n\t\t\t\t\t<div class=\"e-con-inner\">\n\t\t<div class=\"elementor-element elementor-element-0d69953 e-flex e-con-boxed tm-col-stretched-none tm-bg-color-over-image e-con e-child\" data-id=\"0d69953\" data-element_type=\"container\" data-e-type=\"container\">\n\t\t\t\t\t<div class=\"e-con-inner\">\n\t\t<div class=\"elementor-element elementor-element-141106c e-con-full e-flex tm-col-stretched-none tm-bg-color-over-image e-con e-child\" data-id=\"141106c\" data-element_type=\"container\" data-e-type=\"container\">\n\t\t\t\t<div class=\"elementor-element elementor-element-f17a0fd elementor-widget elementor-widget-tm-ele-navigation-menu\" data-id=\"f17a0fd\" data-element_type=\"widget\" data-e-type=\"widget\" data-widget_type=\"tm-ele-navigation-menu.default\">\n\t\t\t\t<div class=\"elementor-widget-container\">\n\t\t\t\t\t<div class=\"tm-sc-simple-nav-menu\"><ul id=\"menu-hizmetlerimiz-cince\" class=\"\"><li id=\"menu-item-23178\" class=\"menu-item menu-item-type-custom menu-item-object-custom menu-item-23178\"><a href=\"#\"><i class=\"tm-nav-arrow-icon fas fa-chevron-right\"><\/i>\u4fdd\u7a0e\u4ed3\u50a8<\/a><\/li>\n<li id=\"menu-item-23179\" class=\"menu-item menu-item-type-custom menu-item-object-custom menu-item-23179\"><a href=\"#\"><i class=\"tm-nav-arrow-icon fas fa-chevron-right\"><\/i>\u6d77\u8fd0\u670d\u52a1<\/a><\/li>\n<li id=\"menu-item-23180\" class=\"menu-item menu-item-type-custom menu-item-object-custom menu-item-23180\"><a href=\"#\"><i class=\"tm-nav-arrow-icon fas fa-chevron-right\"><\/i>\u516c\u8def\u8fd0\u8f93<\/a><\/li>\n<li id=\"menu-item-23181\" class=\"menu-item menu-item-type-custom menu-item-object-custom menu-item-23181\"><a href=\"#\"><i class=\"tm-nav-arrow-icon fas fa-chevron-right\"><\/i>\u96c6\u88c5\u7bb1\u8fd0\u8f93<\/a><\/li>\n<li id=\"menu-item-23182\" class=\"menu-item menu-item-type-custom menu-item-object-custom menu-item-23182\"><a href=\"#\"><i class=\"tm-nav-arrow-icon fas fa-chevron-right\"><\/i>\u9879\u76ee\u7269\u6d41<\/a><\/li>\n<\/ul><\/div>\t\t\t\t<\/div>\n\t\t\t\t<\/div>\n\t\t<div class=\"elementor-element elementor-element-8abf5ad e-con-full tm-col-stretched-none e-flex tm-bg-color-over-image e-con e-child\" data-id=\"8abf5ad\" data-element_type=\"container\" data-e-type=\"container\">\n\t\t\t\t<div class=\"elementor-element elementor-element-778c06a elementor-widget elementor-widget-tm-ele-iconbox\" data-id=\"778c06a\" data-element_type=\"widget\" data-e-type=\"widget\" data-widget_type=\"tm-ele-iconbox.default\">\n\t\t\t\t<div class=\"elementor-widget-container\">\n\t\t\t\t\t<div class=\"tm-sc-icon-box icon-box icon-top font-icon icon-top\">\r\n\t\r\n  \t<div class=\"icon-box-wrapper\">\r\n\t\t\r\n\t\t<div class=\"icon-wrapper\">\r\n\t\t<div class=\"icon icon-circled icon-type-font-icon icon-lg\">\r\n\t\t\t<i aria-hidden=\"true\" class=\" flaticon-common-phone-call\"><\/i>\t\t<\/div>\r\n\r\n\t\t\t<\/div>\r\n\t\t\t<div class=\"icon-text\">\r\n\t\t\t\t\t\t<div class=\"content\"><p>Bize Ula\u015f\u0131n<\/p><\/div>\r\n\t\t\t\r\n\t\t\t\t<h4 class=\"icon-box-title \">\r\n\t\t\t\t\t\t\t+90 324 451 3454\t\t\t\t\t<\/h4>\r\n\t\t\t\t\t\r\n\t\t\t\r\n\t\r\n\t\t\t\t\t<\/div>\r\n\t\t<div class=\"clearfix\"><\/div>\r\n\t<\/div>\r\n<\/div>\t\t\t\t<\/div>\n\t\t\t\t<\/div>\n\t\t\t\t<\/div>\n\t\t\t\t<\/div>\n\t\t<div class=\"elementor-element elementor-element-16b8ef9 e-con-full tm-col-stretched-none e-flex tm-bg-color-over-image e-con e-child\" data-id=\"16b8ef9\" data-element_type=\"container\" data-e-type=\"container\">\n\t\t\t\t<div class=\"elementor-element elementor-element-433c264 elementor-widget elementor-widget-image\" data-id=\"433c264\" data-element_type=\"widget\" data-e-type=\"widget\" data-widget_type=\"image.default\">\n\t\t\t\t<div class=\"elementor-widget-container\">\n\t\t\t\t\t\t\t\t\t\t\t\t\t\t\t<img decoding=\"async\" src=\"https:\/\/sagnak.com.tr\/wp-content\/uploads\/2025\/05\/surdurulebilirlik.jpeg\" title=\"surdurulebilirlik\" alt=\"surdurulebilirlik\" loading=\"lazy\" \/>\t\t\t\t\t\t\t\t\t\t\t\t\t\t\t<\/div>\n\t\t\t\t<\/div>\n\t\t\t\t<div class=\"elementor-element elementor-element-896d48e horizontal-line-align-left vertical-line-align-bottom elementor-widget elementor-widget-tm-ele-section-title\" data-id=\"896d48e\" data-element_type=\"widget\" data-e-type=\"widget\" data-widget_type=\"tm-ele-section-title.default\">\n\t\t\t\t<div class=\"elementor-widget-container\">\n\t\t\t\t\t<div class=\"tm-sc-section-title section-title \">\r\n\t<div class=\"title-wrapper\">\r\n\t\t\t\t\t\t\t<h5 class=\"title tm-split-text split-in-left\"  >\r\n\r\n\t\t\r\n\t\t\t\t<span class=\"title-part1 \">\u6211\u5011\u5c07\u628a\u9019\u7a2e\u4ee5\u7269\u6d41\u70ba\u4e3b\u5c0e\u7684\u6c38\u7e8c\u767c\u5c55\u6a21\u5f0f\u5e36\u5165\u672a\u4f86<\/span>\r\n\t\t\t\t\r\n\t\t\t\t\t\t\t\r\n\t<\/h5>\r\n\t<div class=\"title-seperator-line\"><\/div>\t\t\t\t\t\t<div class=\"paragraph\">\r\n\t\t<p>\u4f5c\u70ba\u4e00\u5bb6\u696d\u52d9\u904d\u53ca\u5168\u7403\u7684\u570b\u969b\u904b\u8f38\u516c\u53f8\uff0cSa\u011fnak Logistics \u6df1\u77e5\u6211\u5011\u4e0d\u50c5\u904b\u8f38\u8ca8\u7269\uff0c\u66f4\u80a9\u8ca0\u8457\u8cac\u4efb\u3002\u6700\u5927\u9650\u5ea6\u5730\u6e1b\u5c11\u74b0\u5883\u5f71\u97ff\u3001\u63d0\u5347\u793e\u6703\u6548\u76ca\u3001\u78ba\u4fdd\u7269\u6d41\u696d\u7684\u7d93\u6fdf\u6c38\u7e8c\u767c\u5c55\uff0c\u662f\u6211\u5011\u6700\u91cd\u8981\u7684\u5de5\u4f5c\u91cd\u9ede\u3002<\/p>\t<\/div>\r\n\t\t<\/div>\r\n<\/div>\t\t\t\t<\/div>\n\t\t\t\t<\/div>\n\t\t\t\t<\/div>\n\t\t\t\t\t<\/div>\n\t\t\t\t<\/div>\n\t\t<div class=\"elementor-element elementor-element-8434c00 tm-col-stretched-none elementor-hidden-desktop elementor-hidden-tablet elementor-hidden-mobile e-flex e-con-boxed tm-bg-color-over-image e-con e-child\" data-id=\"8434c00\" data-element_type=\"container\" data-e-type=\"container\">\n\t\t\t\t\t<div class=\"e-con-inner\">\n\t\t\t\t<div class=\"elementor-element elementor-element-8ec9138 horizontal-line-align-left vertical-line-align-bottom elementor-widget elementor-widget-tm-ele-section-title\" data-id=\"8ec9138\" data-element_type=\"widget\" data-e-type=\"widget\" data-widget_type=\"tm-ele-section-title.default\">\n\t\t\t\t<div class=\"elementor-widget-container\">\n\t\t\t\t\t<div class=\"tm-sc-section-title section-title \">\r\n\t<div class=\"title-wrapper\">\r\n\t\t\t\t\t\t\t<h5 class=\"title tm-split-text split-in-left\"  >\r\n\r\n\t\t\r\n\t\t\t\t<span class=\"title-part1 tm-onappear-slide-animation\">\u00c7evresel S\u00fcrd\u00fcr\u00fclebilirlik, Karbon Ayak \u0130zimizi Azalt\u0131yoruz<\/span>\r\n\t\t\t\t\r\n\t\t\t\t\t\t\t\r\n\t<\/h5>\r\n\t<div class=\"title-seperator-line\"><\/div>\t\t\t\t\t\t<div class=\"paragraph\">\r\n\t\t<p><span style=\"color: #333333\">Uluslararas\u0131 ta\u015f\u0131mac\u0131l\u0131k, y\u00fcksek d\u00fczeyde yak\u0131t t\u00fcketimi ve karbon sal\u0131m\u0131yla do\u011frudan ili\u015fkilidir. Bu fark\u0131ndal\u0131kla Sa\u011fnak Lojistik olarak;<\/span><\/p>\t<\/div>\r\n\t\t<\/div>\r\n<\/div>\t\t\t\t<\/div>\n\t\t\t\t<\/div>\n\t\t\t\t<div class=\"elementor-element elementor-element-691788a elementor-widget elementor-widget-tm-ele-accordion\" data-id=\"691788a\" data-element_type=\"widget\" data-e-type=\"widget\" data-widget_type=\"tm-ele-accordion.skin-active-light\">\n\t\t\t\t<div class=\"elementor-widget-container\">\n\t\t\t\t\t\t\t<div id=\"accordion-holder-484897\" class=\"tm-accordion skin-active-light\">\r\n\t\r\n  <div class=\"card \">\r\n    <div class=\"card-header p-0\" id=\"heading791\">\r\n      <h5 class=\"title collapsed\" data-bs-toggle=\"collapse\" data-bs-target=\"#collapse791\" aria-expanded=\"false\" aria-controls=\"collapse791\">\r\n        <span class=\"text\">Euro 6 standard\u0131na uygun \u00e7evre dostu ara\u00e7lar kullan\u0131yoruz.<\/span>\r\n        <span class=\"accordion-controls-icon\"><svg class=\"e-font-icon-svg e-fas-chevron-down\" viewBox=\"0 0 448 512\" xmlns=\"http:\/\/www.w3.org\/2000\/svg\"><path d=\"M207.029 381.476L12.686 187.132c-9.373-9.373-9.373-24.569 0-33.941l22.667-22.667c9.357-9.357 24.522-9.375 33.901-.04L224 284.505l154.745-154.021c9.379-9.335 24.544-9.317 33.901.04l22.667 22.667c9.373 9.373 9.373 24.569 0 33.941L240.971 381.476c-9.373 9.372-24.569 9.372-33.942 0z\"><\/path><\/svg><\/span>\r\n      <\/h5>\r\n    <\/div>\r\n    <div id=\"collapse791\" class=\"collapse \" aria-labelledby=\"heading791\" data-bs-parent=\"#accordion-holder-484897\">\r\n      <div class=\"card-body\">\r\n              <\/div>\r\n    <\/div>\r\n  <\/div>\r\n\r\n  <div class=\"card \">\r\n    <div class=\"card-header p-0\" id=\"heading792\">\r\n      <h5 class=\"title collapsed\" data-bs-toggle=\"collapse\" data-bs-target=\"#collapse792\" aria-expanded=\"false\" aria-controls=\"collapse792\">\r\n        <span class=\"text\">Multimodal ta\u015f\u0131mac\u0131l\u0131\u011f\u0131 (kara + deniz + demiryolu) te\u015fvik ederek emisyonlar\u0131 azalt\u0131yoruz.<\/span>\r\n        <span class=\"accordion-controls-icon\"><svg class=\"e-font-icon-svg e-fas-chevron-down\" viewBox=\"0 0 448 512\" xmlns=\"http:\/\/www.w3.org\/2000\/svg\"><path d=\"M207.029 381.476L12.686 187.132c-9.373-9.373-9.373-24.569 0-33.941l22.667-22.667c9.357-9.357 24.522-9.375 33.901-.04L224 284.505l154.745-154.021c9.379-9.335 24.544-9.317 33.901.04l22.667 22.667c9.373 9.373 9.373 24.569 0 33.941L240.971 381.476c-9.373 9.372-24.569 9.372-33.942 0z\"><\/path><\/svg><\/span>\r\n      <\/h5>\r\n    <\/div>\r\n    <div id=\"collapse792\" class=\"collapse \" aria-labelledby=\"heading792\" data-bs-parent=\"#accordion-holder-484897\">\r\n      <div class=\"card-body\">\r\n              <\/div>\r\n    <\/div>\r\n  <\/div>\r\n\r\n  <div class=\"card \">\r\n    <div class=\"card-header p-0\" id=\"heading793\">\r\n      <h5 class=\"title collapsed\" data-bs-toggle=\"collapse\" data-bs-target=\"#collapse793\" aria-expanded=\"false\" aria-controls=\"collapse793\">\r\n        <span class=\"text\">Rotalar\u0131m\u0131z\u0131 optimize ederek yak\u0131t tasarrufu ve zaman y\u00f6netimi sa\u011fl\u0131yoruz.<\/span>\r\n        <span class=\"accordion-controls-icon\"><svg class=\"e-font-icon-svg e-fas-chevron-down\" viewBox=\"0 0 448 512\" xmlns=\"http:\/\/www.w3.org\/2000\/svg\"><path d=\"M207.029 381.476L12.686 187.132c-9.373-9.373-9.373-24.569 0-33.941l22.667-22.667c9.357-9.357 24.522-9.375 33.901-.04L224 284.505l154.745-154.021c9.379-9.335 24.544-9.317 33.901.04l22.667 22.667c9.373 9.373 9.373 24.569 0 33.941L240.971 381.476c-9.373 9.372-24.569 9.372-33.942 0z\"><\/path><\/svg><\/span>\r\n      <\/h5>\r\n    <\/div>\r\n    <div id=\"collapse793\" class=\"collapse \" aria-labelledby=\"heading793\" data-bs-parent=\"#accordion-holder-484897\">\r\n      <div class=\"card-body\">\r\n              <\/div>\r\n    <\/div>\r\n  <\/div>\r\n\r\n  <div class=\"card \">\r\n    <div class=\"card-header p-0\" id=\"heading794\">\r\n      <h5 class=\"title collapsed\" data-bs-toggle=\"collapse\" data-bs-target=\"#collapse794\" aria-expanded=\"false\" aria-controls=\"collapse794\">\r\n        <span class=\"text\">Dijitalle\u015fme yat\u0131r\u0131mlar\u0131 ile ka\u011f\u0131t t\u00fcketimini minimuma indiriyor, operasyonel verimlili\u011fi art\u0131r\u0131yoruz.<\/span>\r\n        <span class=\"accordion-controls-icon\"><svg class=\"e-font-icon-svg e-fas-chevron-down\" viewBox=\"0 0 448 512\" xmlns=\"http:\/\/www.w3.org\/2000\/svg\"><path d=\"M207.029 381.476L12.686 187.132c-9.373-9.373-9.373-24.569 0-33.941l22.667-22.667c9.357-9.357 24.522-9.375 33.901-.04L224 284.505l154.745-154.021c9.379-9.335 24.544-9.317 33.901.04l22.667 22.667c9.373 9.373 9.373 24.569 0 33.941L240.971 381.476c-9.373 9.372-24.569 9.372-33.942 0z\"><\/path><\/svg><\/span>\r\n      <\/h5>\r\n    <\/div>\r\n    <div id=\"collapse794\" class=\"collapse \" aria-labelledby=\"heading794\" data-bs-parent=\"#accordion-holder-484897\">\r\n      <div class=\"card-body\">\r\n              <\/div>\r\n    <\/div>\r\n  <\/div>\r\n\t\t<\/div>\r\n\t\t\t\t\t<\/div>\n\t\t\t\t<\/div>\n\t\t\t\t<div class=\"elementor-element elementor-element-79475f1 horizontal-line-align-left vertical-line-align-bottom elementor-widget elementor-widget-tm-ele-section-title\" data-id=\"79475f1\" data-element_type=\"widget\" data-e-type=\"widget\" data-widget_type=\"tm-ele-section-title.default\">\n\t\t\t\t<div class=\"elementor-widget-container\">\n\t\t\t\t\t<div class=\"tm-sc-section-title section-title \">\r\n\t<div class=\"title-wrapper\">\r\n\t\t\t\t\t\t\t<h5 class=\"title tm-split-text split-in-left\"  >\r\n\r\n\t\t\r\n\t\t\t\t<span class=\"title-part1 \">Ekonomik S\u00fcrd\u00fcr\u00fclebilirlik, Dayan\u0131kl\u0131 ve Yenilik\u00e7i Operasyonlar<\/span>\r\n\t\t\t\t\r\n\t\t\t\t\t\t\t\r\n\t<\/h5>\r\n\t<div class=\"title-seperator-line\"><\/div>\t\t\t\t\t\t<div class=\"paragraph\">\r\n\t\t<p>K\u00fcresel tedarik zincirlerinin g\u00fcvenilir bir par\u00e7as\u0131 olma misyonuyla;<\/p>\t<\/div>\r\n\t\t<\/div>\r\n<\/div>\t\t\t\t<\/div>\n\t\t\t\t<\/div>\n\t\t\t\t<div class=\"elementor-element elementor-element-8a45f2c horizontal-line-align-left vertical-line-align-bottom elementor-widget elementor-widget-tm-ele-section-title\" data-id=\"8a45f2c\" data-element_type=\"widget\" data-e-type=\"widget\" data-widget_type=\"tm-ele-section-title.default\">\n\t\t\t\t<div class=\"elementor-widget-container\">\n\t\t\t\t\t<div class=\"tm-sc-section-title section-title \">\r\n\t<div class=\"title-wrapper\">\r\n\t\t\t\t\t\t\t<h5 class=\"title tm-split-text split-in-left\"  >\r\n\r\n\t\t\r\n\t\t\t\t<span class=\"title-part1 \">Gelece\u011fi Hep Birlikte Ta\u015f\u0131yoruz<\/span>\r\n\t\t\t\t\r\n\t\t\t\t\t\t\t\r\n\t<\/h5>\r\n\t<div class=\"title-seperator-line\"><\/div>\t\t\t\t\t\t<div class=\"paragraph\">\r\n\t\t<p>Sa\u011fnak Lojistik olarak s\u00fcrd\u00fcr\u00fclebilirli\u011fi bir tercih de\u011fil, zorunluluk olarak g\u00f6r\u00fcyoruz. Do\u011faya, insana ve ekonomiye duydu\u011fumuz sayg\u0131yla, daha ya\u015fanabilir bir gelecek i\u00e7in ta\u015f\u0131maya devam ediyoruz.<\/p>\t<\/div>\r\n\t\t<\/div>\r\n<\/div>\t\t\t\t<\/div>\n\t\t\t\t<\/div>\n\t\t\t\t<div class=\"elementor-element elementor-element-385a9f3 elementor-widget elementor-widget-tm-ele-accordion\" data-id=\"385a9f3\" data-element_type=\"widget\" data-e-type=\"widget\" data-widget_type=\"tm-ele-accordion.skin-active-light\">\n\t\t\t\t<div class=\"elementor-widget-container\">\n\t\t\t\t\t\t\t<div id=\"accordion-holder-799320\" class=\"tm-accordion skin-active-light\">\r\n\t\r\n  <div class=\"card \">\r\n    <div class=\"card-header p-0\" id=\"heading981\">\r\n      <h5 class=\"title collapsed\" data-bs-toggle=\"collapse\" data-bs-target=\"#collapse981\" aria-expanded=\"false\" aria-controls=\"collapse981\">\r\n        <span class=\"text\">Dijital lojistik \u00e7\u00f6z\u00fcmlerle verimlili\u011fi ve rekabet\u00e7ili\u011fi art\u0131r\u0131yoruz.<\/span>\r\n        <span class=\"accordion-controls-icon\"><\/span>\r\n      <\/h5>\r\n    <\/div>\r\n    <div id=\"collapse981\" class=\"collapse \" aria-labelledby=\"heading981\" data-bs-parent=\"#accordion-holder-799320\">\r\n      <div class=\"card-body\">\r\n              <\/div>\r\n    <\/div>\r\n  <\/div>\r\n\r\n  <div class=\"card \">\r\n    <div class=\"card-header p-0\" id=\"heading982\">\r\n      <h5 class=\"title collapsed\" data-bs-toggle=\"collapse\" data-bs-target=\"#collapse982\" aria-expanded=\"false\" aria-controls=\"collapse982\">\r\n        <span class=\"text\">Uzun vadeli m\u00fc\u015fteri ili\u015fkileri ve \u015feffaf fiyat politikalar\u0131yla s\u00fcrd\u00fcr\u00fclebilir bir b\u00fcy\u00fcme sa\u011fl\u0131yoruz.<\/span>\r\n        <span class=\"accordion-controls-icon\"><\/span>\r\n      <\/h5>\r\n    <\/div>\r\n    <div id=\"collapse982\" class=\"collapse \" aria-labelledby=\"heading982\" data-bs-parent=\"#accordion-holder-799320\">\r\n      <div class=\"card-body\">\r\n              <\/div>\r\n    <\/div>\r\n  <\/div>\r\n\r\n  <div class=\"card \">\r\n    <div class=\"card-header p-0\" id=\"heading983\">\r\n      <h5 class=\"title collapsed\" data-bs-toggle=\"collapse\" data-bs-target=\"#collapse983\" aria-expanded=\"false\" aria-controls=\"collapse983\">\r\n        <span class=\"text\">Ar-Ge ve inovasyon yat\u0131r\u0131mlar\u0131m\u0131zla sekt\u00f6re katma de\u011fer sa\u011flayan \u00e7\u00f6z\u00fcmler sunuyoruz.<\/span>\r\n        <span class=\"accordion-controls-icon\"><\/span>\r\n      <\/h5>\r\n    <\/div>\r\n    <div id=\"collapse983\" class=\"collapse \" aria-labelledby=\"heading983\" data-bs-parent=\"#accordion-holder-799320\">\r\n      <div class=\"card-body\">\r\n              <\/div>\r\n    <\/div>\r\n  <\/div>\r\n\t\t<\/div>\r\n\t\t\t\t\t<\/div>\n\t\t\t\t<\/div>\n\t\t\t\t\t<\/div>\n\t\t\t\t<\/div>\n\t\t\t\t\t<\/div>\n\t\t\t\t<\/div>\n\t\t\t\t<\/div>\n\t\t","protected":false},"excerpt":{"rendered":"<p>\u4fdd\u7a0e\u4ed3\u50a8 \u6d77\u8fd0\u670d\u52a1 \u516c\u8def\u8fd0\u8f93 \u96c6\u88c5\u7bb1\u8fd0\u8f93&#8230;<\/p>\n","protected":false},"author":1,"featured_media":0,"parent":0,"menu_order":0,"comment_status":"closed","ping_status":"closed","template":"","meta":{"footnotes":""},"class_list":["post-23350","page","type-page","status-publish","hentry"],"_links":{"self":[{"href":"https:\/\/sagnak.com.tr\/zh-hans\/wp-json\/wp\/v2\/pages\/23350","targetHints":{"allow":["GET"]}}],"collection":[{"href":"https:\/\/sagnak.com.tr\/zh-hans\/wp-json\/wp\/v2\/pages"}],"about":[{"href":"https:\/\/sagnak.com.tr\/zh-hans\/wp-json\/wp\/v2\/types\/page"}],"author":[{"embeddable":true,"href":"https:\/\/sagnak.com.tr\/zh-hans\/wp-json\/wp\/v2\/users\/1"}],"replies":[{"embeddable":true,"href":"https:\/\/sagnak.com.tr\/zh-hans\/wp-json\/wp\/v2\/comments?post=23350"}],"version-history":[{"count":7,"href":"https:\/\/sagnak.com.tr\/zh-hans\/wp-json\/wp\/v2\/pages\/23350\/revisions"}],"predecessor-version":[{"id":23359,"href":"https:\/\/sagnak.com.tr\/zh-hans\/wp-json\/wp\/v2\/pages\/23350\/revisions\/23359"}],"wp:attachment":[{"href":"https:\/\/sagnak.com.tr\/zh-hans\/wp-json\/wp\/v2\/media?parent=23350"}],"curies":[{"name":"wp","href":"https:\/\/api.w.org\/{rel}","templated":true}]}}